{"id":409,"date":"2016-02-18T16:42:08","date_gmt":"2016-02-18T15:42:08","guid":{"rendered":"http:\/\/marneantic.com\/?post_type=product&#038;p=409"},"modified":"2016-10-17T17:06:06","modified_gmt":"2016-10-17T16:06:06","slug":"service-a-salade-ancienmetal-argente-et-corne","status":"publish","type":"product","link":"https:\/\/marneantic.com\/index.php\/produit\/service-a-salade-ancienmetal-argente-et-corne\/","title":{"rendered":"Service a salade ancien,m\u00e9tal argent\u00e9 et corne"},"content":{"rendered":"","protected":false},"excerpt":{"rendered":"<p>Service a salade ancien en m\u00e9tal argent\u00e9 et corne,en bon \u00e9tat,traces d&rsquo;usage sur les parties en corne,en \u00e9crin d&rsquo;origine<\/p>\n","protected":false},"featured_media":413,"comment_status":"closed","ping_status":"closed","template":"","meta":{"_et_pb_use_builder":"","_et_pb_old_content":"","_et_gb_content_width":""},"product_cat":[12,10,29],"product_tag":[],"_links":{"self":[{"href":"https:\/\/marneantic.com\/index.php\/wp-json\/wp\/v2\/product\/409"}],"collection":[{"href":"https:\/\/marneantic.com\/index.php\/wp-json\/wp\/v2\/product"}],"about":[{"href":"https:\/\/marneantic.com\/index.php\/wp-json\/wp\/v2\/types\/product"}],"replies":[{"embeddable":true,"href":"https:\/\/marneantic.com\/index.php\/wp-json\/wp\/v2\/comments?post=409"}],"wp:featuredmedia":[{"embeddable":true,"href":"https:\/\/marneantic.com\/index.php\/wp-json\/wp\/v2\/media\/413"}],"wp:attachment":[{"href":"https:\/\/marneantic.com\/index.php\/wp-json\/wp\/v2\/media?parent=409"}],"wp:term":[{"taxonomy":"product_cat","embeddable":true,"href":"https:\/\/marneantic.com\/index.php\/wp-json\/wp\/v2\/product_cat?post=409"},{"taxonomy":"product_tag","embeddable":true,"href":"https:\/\/marneantic.com\/index.php\/wp-json\/wp\/v2\/product_tag?post=409"}],"curies":[{"name":"wp","href":"https:\/\/api.w.org\/{rel}","templated":true}]}}