{"id":4158,"date":"2017-12-10T14:52:21","date_gmt":"2017-12-10T13:52:21","guid":{"rendered":"http:\/\/marneantic.com\/index.php\/produit\/cafetiere-ancienne-en-porcelaine-3\/"},"modified":"2017-12-10T14:57:28","modified_gmt":"2017-12-10T13:57:28","slug":"cafetiere-ancienne-en-porcelaine-3","status":"publish","type":"product","link":"https:\/\/marneantic.com\/index.php\/produit\/cafetiere-ancienne-en-porcelaine-3\/","title":{"rendered":"Cafeti\u00e8re ancienne en porcelaine"},"content":{"rendered":"","protected":false},"excerpt":{"rendered":"<p>Cafeti\u00e8re ancienne en porcelaine,d\u00e9cor floral(usure de la dorure au niveau du bec),aucun marquage,fabrique inconnue,en bon \u00e9tat,hauteur:23cm,diam\u00e8tre:12cm<\/p>\n","protected":false},"featured_media":4159,"comment_status":"closed","ping_status":"closed","template":"","meta":{"_et_pb_use_builder":"","_et_pb_old_content":"","_et_gb_content_width":""},"product_cat":[26,7],"product_tag":[],"_links":{"self":[{"href":"https:\/\/marneantic.com\/index.php\/wp-json\/wp\/v2\/product\/4158"}],"collection":[{"href":"https:\/\/marneantic.com\/index.php\/wp-json\/wp\/v2\/product"}],"about":[{"href":"https:\/\/marneantic.com\/index.php\/wp-json\/wp\/v2\/types\/product"}],"replies":[{"embeddable":true,"href":"https:\/\/marneantic.com\/index.php\/wp-json\/wp\/v2\/comments?post=4158"}],"wp:featuredmedia":[{"embeddable":true,"href":"https:\/\/marneantic.com\/index.php\/wp-json\/wp\/v2\/media\/4159"}],"wp:attachment":[{"href":"https:\/\/marneantic.com\/index.php\/wp-json\/wp\/v2\/media?parent=4158"}],"wp:term":[{"taxonomy":"product_cat","embeddable":true,"href":"https:\/\/marneantic.com\/index.php\/wp-json\/wp\/v2\/product_cat?post=4158"},{"taxonomy":"product_tag","embeddable":true,"href":"https:\/\/marneantic.com\/index.php\/wp-json\/wp\/v2\/product_tag?post=4158"}],"curies":[{"name":"wp","href":"https:\/\/api.w.org\/{rel}","templated":true}]}}