{"id":4172,"date":"2017-12-11T15:55:33","date_gmt":"2017-12-11T14:55:33","guid":{"rendered":"http:\/\/marneantic.com\/?post_type=product&#038;p=4172"},"modified":"2017-12-30T16:16:28","modified_gmt":"2017-12-30T15:16:28","slug":"verre-de-table-ancien-cisele-3","status":"publish","type":"product","link":"https:\/\/marneantic.com\/index.php\/produit\/verre-de-table-ancien-cisele-3\/","title":{"rendered":"verre de table ancien cisel\u00e9"},"content":{"rendered":"","protected":false},"excerpt":{"rendered":"<p>verre de table a vin ancien cisel\u00e9(d\u00e9but 20eme),en tr\u00e8s bon \u00e9tat,hauteur:12cm,diam\u00e8tre du buvant:5.8cm,diam\u00e8tre du pied:5.9cm<\/p>\n","protected":false},"featured_media":4174,"comment_status":"closed","ping_status":"closed","template":"","meta":{"_et_pb_use_builder":"","_et_pb_old_content":"","_et_gb_content_width":""},"product_cat":[10,11],"product_tag":[],"_links":{"self":[{"href":"https:\/\/marneantic.com\/index.php\/wp-json\/wp\/v2\/product\/4172"}],"collection":[{"href":"https:\/\/marneantic.com\/index.php\/wp-json\/wp\/v2\/product"}],"about":[{"href":"https:\/\/marneantic.com\/index.php\/wp-json\/wp\/v2\/types\/product"}],"replies":[{"embeddable":true,"href":"https:\/\/marneantic.com\/index.php\/wp-json\/wp\/v2\/comments?post=4172"}],"wp:featuredmedia":[{"embeddable":true,"href":"https:\/\/marneantic.com\/index.php\/wp-json\/wp\/v2\/media\/4174"}],"wp:attachment":[{"href":"https:\/\/marneantic.com\/index.php\/wp-json\/wp\/v2\/media?parent=4172"}],"wp:term":[{"taxonomy":"product_cat","embeddable":true,"href":"https:\/\/marneantic.com\/index.php\/wp-json\/wp\/v2\/product_cat?post=4172"},{"taxonomy":"product_tag","embeddable":true,"href":"https:\/\/marneantic.com\/index.php\/wp-json\/wp\/v2\/product_tag?post=4172"}],"curies":[{"name":"wp","href":"https:\/\/api.w.org\/{rel}","templated":true}]}}