{"id":4176,"date":"2017-12-11T15:56:12","date_gmt":"2017-12-11T14:56:12","guid":{"rendered":"http:\/\/marneantic.com\/index.php\/produit\/verre-de-table-ancien-en-cristal\/"},"modified":"2017-12-11T16:02:47","modified_gmt":"2017-12-11T15:02:47","slug":"verre-de-table-ancien-en-cristal","status":"publish","type":"product","link":"https:\/\/marneantic.com\/index.php\/produit\/verre-de-table-ancien-en-cristal\/","title":{"rendered":"verre de table ancien en cristal"},"content":{"rendered":"","protected":false},"excerpt":{"rendered":"<p>verre de table a vin ancien en cristal(fin 19eme),d\u00e9cor a 9 facettes,en bon \u00e9tat,hauteur:11cm,diam\u00e8tre du buvant:6.7cm,diam\u00e8tre du pied:6.3cm<\/p>\n","protected":false},"featured_media":4178,"comment_status":"closed","ping_status":"closed","template":"","meta":{"_et_pb_use_builder":"","_et_pb_old_content":"","_et_gb_content_width":""},"product_cat":[10,11],"product_tag":[],"_links":{"self":[{"href":"https:\/\/marneantic.com\/index.php\/wp-json\/wp\/v2\/product\/4176"}],"collection":[{"href":"https:\/\/marneantic.com\/index.php\/wp-json\/wp\/v2\/product"}],"about":[{"href":"https:\/\/marneantic.com\/index.php\/wp-json\/wp\/v2\/types\/product"}],"replies":[{"embeddable":true,"href":"https:\/\/marneantic.com\/index.php\/wp-json\/wp\/v2\/comments?post=4176"}],"wp:featuredmedia":[{"embeddable":true,"href":"https:\/\/marneantic.com\/index.php\/wp-json\/wp\/v2\/media\/4178"}],"wp:attachment":[{"href":"https:\/\/marneantic.com\/index.php\/wp-json\/wp\/v2\/media?parent=4176"}],"wp:term":[{"taxonomy":"product_cat","embeddable":true,"href":"https:\/\/marneantic.com\/index.php\/wp-json\/wp\/v2\/product_cat?post=4176"},{"taxonomy":"product_tag","embeddable":true,"href":"https:\/\/marneantic.com\/index.php\/wp-json\/wp\/v2\/product_tag?post=4176"}],"curies":[{"name":"wp","href":"https:\/\/api.w.org\/{rel}","templated":true}]}}