{"id":4334,"date":"2018-01-09T15:04:42","date_gmt":"2018-01-09T14:04:42","guid":{"rendered":"http:\/\/marneantic.com\/index.php\/produit\/plateau-a-fromages-annees-60-en-faience-decorle-tierce\/"},"modified":"2018-04-30T14:31:29","modified_gmt":"2018-04-30T13:31:29","slug":"plateau-a-fromages-annees-60-en-faience-decorle-tierce","status":"publish","type":"product","link":"https:\/\/marneantic.com\/index.php\/produit\/plateau-a-fromages-annees-60-en-faience-decorle-tierce\/","title":{"rendered":"plateau a fromages ann\u00e9es 60&prime; en fa\u00efence d\u00e9cor\u00a0\u00bble tierc\u00e9\u00a0\u00bb"},"content":{"rendered":"","protected":false},"excerpt":{"rendered":"<p>plateau a fromages ann\u00e9es 60&prime; en fa\u00efence,d\u00e9cor \u00ab\u00a0le tierc\u00e9\u00a0\u00bb,en parfait \u00e9tat,dimensions:28x21cm,poign\u00e9e en forme de tete de cheval argent\u00e9<\/p>\n","protected":false},"featured_media":4338,"comment_status":"closed","ping_status":"closed","template":"","meta":{"_et_pb_use_builder":"","_et_pb_old_content":"","_et_gb_content_width":""},"product_cat":[13,10,28,7],"product_tag":[],"_links":{"self":[{"href":"https:\/\/marneantic.com\/index.php\/wp-json\/wp\/v2\/product\/4334"}],"collection":[{"href":"https:\/\/marneantic.com\/index.php\/wp-json\/wp\/v2\/product"}],"about":[{"href":"https:\/\/marneantic.com\/index.php\/wp-json\/wp\/v2\/types\/product"}],"replies":[{"embeddable":true,"href":"https:\/\/marneantic.com\/index.php\/wp-json\/wp\/v2\/comments?post=4334"}],"wp:featuredmedia":[{"embeddable":true,"href":"https:\/\/marneantic.com\/index.php\/wp-json\/wp\/v2\/media\/4338"}],"wp:attachment":[{"href":"https:\/\/marneantic.com\/index.php\/wp-json\/wp\/v2\/media?parent=4334"}],"wp:term":[{"taxonomy":"product_cat","embeddable":true,"href":"https:\/\/marneantic.com\/index.php\/wp-json\/wp\/v2\/product_cat?post=4334"},{"taxonomy":"product_tag","embeddable":true,"href":"https:\/\/marneantic.com\/index.php\/wp-json\/wp\/v2\/product_tag?post=4334"}],"curies":[{"name":"wp","href":"https:\/\/api.w.org\/{rel}","templated":true}]}}