{"id":4349,"date":"2018-01-10T15:58:32","date_gmt":"2018-01-10T14:58:32","guid":{"rendered":"http:\/\/marneantic.com\/index.php\/produit\/patereembrase-ancienne-en-bronze-4\/"},"modified":"2018-01-10T16:04:20","modified_gmt":"2018-01-10T15:04:20","slug":"patereembrase-ancienne-en-bronze-4","status":"publish","type":"product","link":"https:\/\/marneantic.com\/index.php\/produit\/patereembrase-ancienne-en-bronze-4\/","title":{"rendered":"Pat\u00e8re\/embrase ancienne en bronze"},"content":{"rendered":"","protected":false},"excerpt":{"rendered":"<p>Pat\u00e8re\/embrase ancienne en bronze dor\u00e9,en tr\u00e8s bon \u00e9tat,hauteur:15cm,profondeur au mur:14cm<\/p>\n","protected":false},"featured_media":4352,"comment_status":"closed","ping_status":"closed","template":"","meta":{"_et_pb_use_builder":"","_et_pb_old_content":"","_et_gb_content_width":""},"product_cat":[8],"product_tag":[],"_links":{"self":[{"href":"https:\/\/marneantic.com\/index.php\/wp-json\/wp\/v2\/product\/4349"}],"collection":[{"href":"https:\/\/marneantic.com\/index.php\/wp-json\/wp\/v2\/product"}],"about":[{"href":"https:\/\/marneantic.com\/index.php\/wp-json\/wp\/v2\/types\/product"}],"replies":[{"embeddable":true,"href":"https:\/\/marneantic.com\/index.php\/wp-json\/wp\/v2\/comments?post=4349"}],"wp:featuredmedia":[{"embeddable":true,"href":"https:\/\/marneantic.com\/index.php\/wp-json\/wp\/v2\/media\/4352"}],"wp:attachment":[{"href":"https:\/\/marneantic.com\/index.php\/wp-json\/wp\/v2\/media?parent=4349"}],"wp:term":[{"taxonomy":"product_cat","embeddable":true,"href":"https:\/\/marneantic.com\/index.php\/wp-json\/wp\/v2\/product_cat?post=4349"},{"taxonomy":"product_tag","embeddable":true,"href":"https:\/\/marneantic.com\/index.php\/wp-json\/wp\/v2\/product_tag?post=4349"}],"curies":[{"name":"wp","href":"https:\/\/api.w.org\/{rel}","templated":true}]}}