{"id":4363,"date":"2018-01-11T15:40:43","date_gmt":"2018-01-11T14:40:43","guid":{"rendered":"http:\/\/marneantic.com\/index.php\/produit\/porte-brosse-mural-art-deco-en-porcelaine\/"},"modified":"2018-04-04T14:17:34","modified_gmt":"2018-04-04T13:17:34","slug":"porte-brosse-mural-art-deco-en-porcelaine","status":"publish","type":"product","link":"https:\/\/marneantic.com\/index.php\/produit\/porte-brosse-mural-art-deco-en-porcelaine\/","title":{"rendered":"Porte brosse mural art-d\u00e9co en porcelaine"},"content":{"rendered":"","protected":false},"excerpt":{"rendered":"<p>Porte brosse a dent mural art-d\u00e9co ancien en porcelaine,en bon \u00e9tat(a signaler un petit \u00e9clat sur un rebord arri\u00e8re invisible apr\u00e8s installation),largeur:10cm,profondeur au mur:7cm,hauteur:14cm<\/p>\n","protected":false},"featured_media":4367,"comment_status":"closed","ping_status":"closed","template":"","meta":{"_et_pb_use_builder":"","_et_pb_old_content":"","_et_gb_content_width":""},"product_cat":[8,16],"product_tag":[],"_links":{"self":[{"href":"https:\/\/marneantic.com\/index.php\/wp-json\/wp\/v2\/product\/4363"}],"collection":[{"href":"https:\/\/marneantic.com\/index.php\/wp-json\/wp\/v2\/product"}],"about":[{"href":"https:\/\/marneantic.com\/index.php\/wp-json\/wp\/v2\/types\/product"}],"replies":[{"embeddable":true,"href":"https:\/\/marneantic.com\/index.php\/wp-json\/wp\/v2\/comments?post=4363"}],"wp:featuredmedia":[{"embeddable":true,"href":"https:\/\/marneantic.com\/index.php\/wp-json\/wp\/v2\/media\/4367"}],"wp:attachment":[{"href":"https:\/\/marneantic.com\/index.php\/wp-json\/wp\/v2\/media?parent=4363"}],"wp:term":[{"taxonomy":"product_cat","embeddable":true,"href":"https:\/\/marneantic.com\/index.php\/wp-json\/wp\/v2\/product_cat?post=4363"},{"taxonomy":"product_tag","embeddable":true,"href":"https:\/\/marneantic.com\/index.php\/wp-json\/wp\/v2\/product_tag?post=4363"}],"curies":[{"name":"wp","href":"https:\/\/api.w.org\/{rel}","templated":true}]}}