{"id":437,"date":"2016-02-19T16:42:31","date_gmt":"2016-02-19T15:42:31","guid":{"rendered":"http:\/\/marneantic.com\/?post_type=product&#038;p=437"},"modified":"2016-02-19T16:42:31","modified_gmt":"2016-02-19T15:42:31","slug":"saliere-ancienne-cristal-et-metal-argente","status":"publish","type":"product","link":"https:\/\/marneantic.com\/index.php\/produit\/saliere-ancienne-cristal-et-metal-argente\/","title":{"rendered":"Sali\u00e8re ancienne cristal et m\u00e9tal argent\u00e9"},"content":{"rendered":"","protected":false},"excerpt":{"rendered":"<p>Belle sali\u00e8re ancienne en cristal et poign\u00e9e en m\u00e9tal argent\u00e9,en tr\u00e8s bon \u00e9tat<\/p>\n","protected":false},"featured_media":439,"comment_status":"closed","ping_status":"closed","template":"","meta":{"_et_pb_use_builder":"","_et_pb_old_content":"","_et_gb_content_width":""},"product_cat":[13,10],"product_tag":[],"_links":{"self":[{"href":"https:\/\/marneantic.com\/index.php\/wp-json\/wp\/v2\/product\/437"}],"collection":[{"href":"https:\/\/marneantic.com\/index.php\/wp-json\/wp\/v2\/product"}],"about":[{"href":"https:\/\/marneantic.com\/index.php\/wp-json\/wp\/v2\/types\/product"}],"replies":[{"embeddable":true,"href":"https:\/\/marneantic.com\/index.php\/wp-json\/wp\/v2\/comments?post=437"}],"wp:featuredmedia":[{"embeddable":true,"href":"https:\/\/marneantic.com\/index.php\/wp-json\/wp\/v2\/media\/439"}],"wp:attachment":[{"href":"https:\/\/marneantic.com\/index.php\/wp-json\/wp\/v2\/media?parent=437"}],"wp:term":[{"taxonomy":"product_cat","embeddable":true,"href":"https:\/\/marneantic.com\/index.php\/wp-json\/wp\/v2\/product_cat?post=437"},{"taxonomy":"product_tag","embeddable":true,"href":"https:\/\/marneantic.com\/index.php\/wp-json\/wp\/v2\/product_tag?post=437"}],"curies":[{"name":"wp","href":"https:\/\/api.w.org\/{rel}","templated":true}]}}