{"id":4377,"date":"2018-01-12T16:35:47","date_gmt":"2018-01-12T15:35:47","guid":{"rendered":"http:\/\/marneantic.com\/index.php\/produit\/service-a-decouper-ancien-art-deco-en-argenten-ecrin\/"},"modified":"2023-05-17T11:08:14","modified_gmt":"2023-05-17T10:08:14","slug":"service-a-decouper-ancien-art-deco-en-argenten-ecrin","status":"publish","type":"product","link":"https:\/\/marneantic.com\/index.php\/produit\/service-a-decouper-ancien-art-deco-en-argenten-ecrin\/","title":{"rendered":"Service \u00e0 d\u00e9couper ancien art-d\u00e9co en argent,en \u00e9crin"},"content":{"rendered":"","protected":false},"excerpt":{"rendered":"<p>Service \u00e0 d\u00e9couper art-d\u00e9co ancien,\u00e9tat neuf,lames en acier inoxydable,manche en argent(poin\u00e7on minerve),longueur couteau:32cm,fourchette:27.5cm,\u00e9crin d&rsquo;origine en bon \u00e9tat<\/p>\n","protected":false},"featured_media":4383,"comment_status":"closed","ping_status":"closed","template":"","meta":{"_et_pb_use_builder":"","_et_pb_old_content":"","_et_gb_content_width":""},"product_cat":[12,10,44,29],"product_tag":[],"_links":{"self":[{"href":"https:\/\/marneantic.com\/index.php\/wp-json\/wp\/v2\/product\/4377"}],"collection":[{"href":"https:\/\/marneantic.com\/index.php\/wp-json\/wp\/v2\/product"}],"about":[{"href":"https:\/\/marneantic.com\/index.php\/wp-json\/wp\/v2\/types\/product"}],"replies":[{"embeddable":true,"href":"https:\/\/marneantic.com\/index.php\/wp-json\/wp\/v2\/comments?post=4377"}],"wp:featuredmedia":[{"embeddable":true,"href":"https:\/\/marneantic.com\/index.php\/wp-json\/wp\/v2\/media\/4383"}],"wp:attachment":[{"href":"https:\/\/marneantic.com\/index.php\/wp-json\/wp\/v2\/media?parent=4377"}],"wp:term":[{"taxonomy":"product_cat","embeddable":true,"href":"https:\/\/marneantic.com\/index.php\/wp-json\/wp\/v2\/product_cat?post=4377"},{"taxonomy":"product_tag","embeddable":true,"href":"https:\/\/marneantic.com\/index.php\/wp-json\/wp\/v2\/product_tag?post=4377"}],"curies":[{"name":"wp","href":"https:\/\/api.w.org\/{rel}","templated":true}]}}