{"id":4384,"date":"2018-01-12T16:44:04","date_gmt":"2018-01-12T15:44:04","guid":{"rendered":"http:\/\/marneantic.com\/index.php\/produit\/service-a-gigot-ancien-en-argent-monogramme-et-acier\/"},"modified":"2018-01-12T17:43:58","modified_gmt":"2018-01-12T16:43:58","slug":"service-a-gigot-ancien-en-argent-monogramme-et-acier","status":"publish","type":"product","link":"https:\/\/marneantic.com\/index.php\/produit\/service-a-gigot-ancien-en-argent-monogramme-et-acier\/","title":{"rendered":"Service \u00e0 gigot ancien en argent monogramm\u00e9 et acier"},"content":{"rendered":"","protected":false},"excerpt":{"rendered":"<p>Service \u00e0 gigot ancien,en bon \u00e9tat,lame et tete en acier,manche en argent monogramm\u00e9\u00a0\u00bb(poin\u00e7on minerve),longueur manche a gigot:21cm,fourchette:27.5cm,<\/p>\n","protected":false},"featured_media":4388,"comment_status":"closed","ping_status":"closed","template":"","meta":{"_et_pb_use_builder":"","_et_pb_old_content":"","_et_gb_content_width":""},"product_cat":[12,10,29],"product_tag":[],"_links":{"self":[{"href":"https:\/\/marneantic.com\/index.php\/wp-json\/wp\/v2\/product\/4384"}],"collection":[{"href":"https:\/\/marneantic.com\/index.php\/wp-json\/wp\/v2\/product"}],"about":[{"href":"https:\/\/marneantic.com\/index.php\/wp-json\/wp\/v2\/types\/product"}],"replies":[{"embeddable":true,"href":"https:\/\/marneantic.com\/index.php\/wp-json\/wp\/v2\/comments?post=4384"}],"wp:featuredmedia":[{"embeddable":true,"href":"https:\/\/marneantic.com\/index.php\/wp-json\/wp\/v2\/media\/4388"}],"wp:attachment":[{"href":"https:\/\/marneantic.com\/index.php\/wp-json\/wp\/v2\/media?parent=4384"}],"wp:term":[{"taxonomy":"product_cat","embeddable":true,"href":"https:\/\/marneantic.com\/index.php\/wp-json\/wp\/v2\/product_cat?post=4384"},{"taxonomy":"product_tag","embeddable":true,"href":"https:\/\/marneantic.com\/index.php\/wp-json\/wp\/v2\/product_tag?post=4384"}],"curies":[{"name":"wp","href":"https:\/\/api.w.org\/{rel}","templated":true}]}}