{"id":443,"date":"2016-02-19T16:58:13","date_gmt":"2016-02-19T15:58:13","guid":{"rendered":"http:\/\/marneantic.com\/?post_type=product&#038;p=443"},"modified":"2016-02-19T16:58:13","modified_gmt":"2016-02-19T15:58:13","slug":"cornemuse-faience-de-desvres-ou-rouen","status":"publish","type":"product","link":"https:\/\/marneantic.com\/index.php\/produit\/cornemuse-faience-de-desvres-ou-rouen\/","title":{"rendered":"Cornemuse fa\u00efence de desvres ou rouen"},"content":{"rendered":"","protected":false},"excerpt":{"rendered":"<p>Cornemuse en fa\u00efence de Desvres ou Rouen,d\u00e9cor de musicien jouant de la cornemuse,souvenir de la Bourboule,en parfait \u00e9tat<\/p>\n","protected":false},"featured_media":444,"comment_status":"closed","ping_status":"closed","template":"","meta":{"_et_pb_use_builder":"","_et_pb_old_content":"","_et_gb_content_width":""},"product_cat":[14,8],"product_tag":[],"_links":{"self":[{"href":"https:\/\/marneantic.com\/index.php\/wp-json\/wp\/v2\/product\/443"}],"collection":[{"href":"https:\/\/marneantic.com\/index.php\/wp-json\/wp\/v2\/product"}],"about":[{"href":"https:\/\/marneantic.com\/index.php\/wp-json\/wp\/v2\/types\/product"}],"replies":[{"embeddable":true,"href":"https:\/\/marneantic.com\/index.php\/wp-json\/wp\/v2\/comments?post=443"}],"wp:featuredmedia":[{"embeddable":true,"href":"https:\/\/marneantic.com\/index.php\/wp-json\/wp\/v2\/media\/444"}],"wp:attachment":[{"href":"https:\/\/marneantic.com\/index.php\/wp-json\/wp\/v2\/media?parent=443"}],"wp:term":[{"taxonomy":"product_cat","embeddable":true,"href":"https:\/\/marneantic.com\/index.php\/wp-json\/wp\/v2\/product_cat?post=443"},{"taxonomy":"product_tag","embeddable":true,"href":"https:\/\/marneantic.com\/index.php\/wp-json\/wp\/v2\/product_tag?post=443"}],"curies":[{"name":"wp","href":"https:\/\/api.w.org\/{rel}","templated":true}]}}