{"id":4436,"date":"2018-01-17T16:46:35","date_gmt":"2018-01-17T15:46:35","guid":{"rendered":"http:\/\/marneantic.com\/index.php\/produit\/boule-sulfure-en-cristal-3\/"},"modified":"2018-01-17T16:51:38","modified_gmt":"2018-01-17T15:51:38","slug":"boule-sulfure-en-cristal-3","status":"publish","type":"product","link":"https:\/\/marneantic.com\/index.php\/produit\/boule-sulfure-en-cristal-3\/","title":{"rendered":"Boule sulfure en cristal"},"content":{"rendered":"","protected":false},"excerpt":{"rendered":"<p>Boule sulfure en cristal,en tr\u00e8s bon \u00e9tat,multicolore,d\u00e9cor de fleurs,sans signature,hauteur:6.5cm,diametre:7cm<\/p>\n","protected":false},"featured_media":4438,"comment_status":"closed","ping_status":"closed","template":"","meta":{"_et_pb_use_builder":"","_et_pb_old_content":"","_et_gb_content_width":""},"product_cat":[14,8],"product_tag":[],"_links":{"self":[{"href":"https:\/\/marneantic.com\/index.php\/wp-json\/wp\/v2\/product\/4436"}],"collection":[{"href":"https:\/\/marneantic.com\/index.php\/wp-json\/wp\/v2\/product"}],"about":[{"href":"https:\/\/marneantic.com\/index.php\/wp-json\/wp\/v2\/types\/product"}],"replies":[{"embeddable":true,"href":"https:\/\/marneantic.com\/index.php\/wp-json\/wp\/v2\/comments?post=4436"}],"wp:featuredmedia":[{"embeddable":true,"href":"https:\/\/marneantic.com\/index.php\/wp-json\/wp\/v2\/media\/4438"}],"wp:attachment":[{"href":"https:\/\/marneantic.com\/index.php\/wp-json\/wp\/v2\/media?parent=4436"}],"wp:term":[{"taxonomy":"product_cat","embeddable":true,"href":"https:\/\/marneantic.com\/index.php\/wp-json\/wp\/v2\/product_cat?post=4436"},{"taxonomy":"product_tag","embeddable":true,"href":"https:\/\/marneantic.com\/index.php\/wp-json\/wp\/v2\/product_tag?post=4436"}],"curies":[{"name":"wp","href":"https:\/\/api.w.org\/{rel}","templated":true}]}}