{"id":4467,"date":"2018-01-20T14:41:05","date_gmt":"2018-01-20T13:41:05","guid":{"rendered":"http:\/\/marneantic.com\/index.php\/produit\/grand-verre-a-absinthe-ancien-2\/"},"modified":"2018-01-20T14:45:11","modified_gmt":"2018-01-20T13:45:11","slug":"grand-verre-a-absinthe-ancien-2","status":"publish","type":"product","link":"https:\/\/marneantic.com\/index.php\/produit\/grand-verre-a-absinthe-ancien-2\/","title":{"rendered":"Grand verre \u00e0 absinthe ancien"},"content":{"rendered":"","protected":false},"excerpt":{"rendered":"<p>Grand verre \u00e0 absinthe ancien,verre tr\u00e8s \u00e9pais en tr\u00e8s bon \u00e9tat,hauteur:17.5cm,diam\u00e8tre du buvant:8.5cm,diam\u00e8tre du pied:8cm<\/p>\n","protected":false},"featured_media":4468,"comment_status":"closed","ping_status":"closed","template":"","meta":{"_et_pb_use_builder":"","_et_pb_old_content":"","_et_gb_content_width":""},"product_cat":[10,14,11],"product_tag":[],"_links":{"self":[{"href":"https:\/\/marneantic.com\/index.php\/wp-json\/wp\/v2\/product\/4467"}],"collection":[{"href":"https:\/\/marneantic.com\/index.php\/wp-json\/wp\/v2\/product"}],"about":[{"href":"https:\/\/marneantic.com\/index.php\/wp-json\/wp\/v2\/types\/product"}],"replies":[{"embeddable":true,"href":"https:\/\/marneantic.com\/index.php\/wp-json\/wp\/v2\/comments?post=4467"}],"wp:featuredmedia":[{"embeddable":true,"href":"https:\/\/marneantic.com\/index.php\/wp-json\/wp\/v2\/media\/4468"}],"wp:attachment":[{"href":"https:\/\/marneantic.com\/index.php\/wp-json\/wp\/v2\/media?parent=4467"}],"wp:term":[{"taxonomy":"product_cat","embeddable":true,"href":"https:\/\/marneantic.com\/index.php\/wp-json\/wp\/v2\/product_cat?post=4467"},{"taxonomy":"product_tag","embeddable":true,"href":"https:\/\/marneantic.com\/index.php\/wp-json\/wp\/v2\/product_tag?post=4467"}],"curies":[{"name":"wp","href":"https:\/\/api.w.org\/{rel}","templated":true}]}}