{"id":447,"date":"2016-02-19T17:09:03","date_gmt":"2016-02-19T16:09:03","guid":{"rendered":"http:\/\/marneantic.com\/?post_type=product&#038;p=447"},"modified":"2019-08-14T07:43:39","modified_gmt":"2019-08-14T06:43:39","slug":"service-a-decouper-art-deco-en-ecrin","status":"publish","type":"product","link":"https:\/\/marneantic.com\/index.php\/produit\/service-a-decouper-art-deco-en-ecrin\/","title":{"rendered":"Service \u00e0 d\u00e9couper art-d\u00e9co en ecrin"},"content":{"rendered":"","protected":false},"excerpt":{"rendered":"<p>Service \u00e0 d\u00e9couper art-d\u00e9co en \u00e9crin d&rsquo;origine,en tr\u00e8s bon \u00e9tat,lames en acier(as de tr\u00e8fle)manche en bak\u00e9lite,virole en m\u00e9tal argent\u00e9,longueur couteau:31.5cm<\/p>\n","protected":false},"featured_media":448,"comment_status":"closed","ping_status":"closed","template":"","meta":{"_et_pb_use_builder":"","_et_pb_old_content":"","_et_gb_content_width":""},"product_cat":[12,10,44,29],"product_tag":[],"_links":{"self":[{"href":"https:\/\/marneantic.com\/index.php\/wp-json\/wp\/v2\/product\/447"}],"collection":[{"href":"https:\/\/marneantic.com\/index.php\/wp-json\/wp\/v2\/product"}],"about":[{"href":"https:\/\/marneantic.com\/index.php\/wp-json\/wp\/v2\/types\/product"}],"replies":[{"embeddable":true,"href":"https:\/\/marneantic.com\/index.php\/wp-json\/wp\/v2\/comments?post=447"}],"wp:featuredmedia":[{"embeddable":true,"href":"https:\/\/marneantic.com\/index.php\/wp-json\/wp\/v2\/media\/448"}],"wp:attachment":[{"href":"https:\/\/marneantic.com\/index.php\/wp-json\/wp\/v2\/media?parent=447"}],"wp:term":[{"taxonomy":"product_cat","embeddable":true,"href":"https:\/\/marneantic.com\/index.php\/wp-json\/wp\/v2\/product_cat?post=447"},{"taxonomy":"product_tag","embeddable":true,"href":"https:\/\/marneantic.com\/index.php\/wp-json\/wp\/v2\/product_tag?post=447"}],"curies":[{"name":"wp","href":"https:\/\/api.w.org\/{rel}","templated":true}]}}