{"id":4485,"date":"2018-01-23T14:50:19","date_gmt":"2018-01-23T13:50:19","guid":{"rendered":"http:\/\/marneantic.com\/index.php\/produit\/verre-de-table-ancien-3\/"},"modified":"2018-01-23T14:52:08","modified_gmt":"2018-01-23T13:52:08","slug":"verre-de-table-ancien-3","status":"publish","type":"product","link":"https:\/\/marneantic.com\/index.php\/produit\/verre-de-table-ancien-3\/","title":{"rendered":"Verre de table ancien"},"content":{"rendered":"","protected":false},"excerpt":{"rendered":"<p>verre de table ancien taill\u00e9(d\u00e9but 20eme)d\u00e9cor\u00a0\u00bbnid d&rsquo;abeille\u00a0\u00bb,en tr\u00e8s bon \u00e9tat,hauteur:13.5cm,diam\u00e8tre du buvant:6.7cm,diam\u00e8tre du pied:7cm<\/p>\n","protected":false},"featured_media":4471,"comment_status":"closed","ping_status":"closed","template":"","meta":{"_et_pb_use_builder":"","_et_pb_old_content":"","_et_gb_content_width":""},"product_cat":[10,14,11],"product_tag":[],"_links":{"self":[{"href":"https:\/\/marneantic.com\/index.php\/wp-json\/wp\/v2\/product\/4485"}],"collection":[{"href":"https:\/\/marneantic.com\/index.php\/wp-json\/wp\/v2\/product"}],"about":[{"href":"https:\/\/marneantic.com\/index.php\/wp-json\/wp\/v2\/types\/product"}],"replies":[{"embeddable":true,"href":"https:\/\/marneantic.com\/index.php\/wp-json\/wp\/v2\/comments?post=4485"}],"wp:featuredmedia":[{"embeddable":true,"href":"https:\/\/marneantic.com\/index.php\/wp-json\/wp\/v2\/media\/4471"}],"wp:attachment":[{"href":"https:\/\/marneantic.com\/index.php\/wp-json\/wp\/v2\/media?parent=4485"}],"wp:term":[{"taxonomy":"product_cat","embeddable":true,"href":"https:\/\/marneantic.com\/index.php\/wp-json\/wp\/v2\/product_cat?post=4485"},{"taxonomy":"product_tag","embeddable":true,"href":"https:\/\/marneantic.com\/index.php\/wp-json\/wp\/v2\/product_tag?post=4485"}],"curies":[{"name":"wp","href":"https:\/\/api.w.org\/{rel}","templated":true}]}}