{"id":4486,"date":"2018-01-23T15:07:54","date_gmt":"2018-01-23T14:07:54","guid":{"rendered":"http:\/\/marneantic.com\/index.php\/produit\/coupe-a-champagne-ancienne-7\/"},"modified":"2018-01-23T15:13:06","modified_gmt":"2018-01-23T14:13:06","slug":"coupe-a-champagne-ancienne-7","status":"publish","type":"product","link":"https:\/\/marneantic.com\/index.php\/produit\/coupe-a-champagne-ancienne-7\/","title":{"rendered":"Coupe a champagne ancienne"},"content":{"rendered":"","protected":false},"excerpt":{"rendered":"<p>Coupe a champagne ancienne,d\u00e9but 20eme,d\u00e9cor a 14 facettes sur la base du contenant,en tr\u00e8s bon \u00e9tat,hauteur:10.8cm,diam\u00e8tre du buvant:10cm,diam\u00e8tre du pied:7.5cm<\/p>\n","protected":false},"featured_media":4488,"comment_status":"closed","ping_status":"closed","template":"","meta":{"_et_pb_use_builder":"","_et_pb_old_content":"","_et_gb_content_width":""},"product_cat":[10,11],"product_tag":[],"_links":{"self":[{"href":"https:\/\/marneantic.com\/index.php\/wp-json\/wp\/v2\/product\/4486"}],"collection":[{"href":"https:\/\/marneantic.com\/index.php\/wp-json\/wp\/v2\/product"}],"about":[{"href":"https:\/\/marneantic.com\/index.php\/wp-json\/wp\/v2\/types\/product"}],"replies":[{"embeddable":true,"href":"https:\/\/marneantic.com\/index.php\/wp-json\/wp\/v2\/comments?post=4486"}],"wp:featuredmedia":[{"embeddable":true,"href":"https:\/\/marneantic.com\/index.php\/wp-json\/wp\/v2\/media\/4488"}],"wp:attachment":[{"href":"https:\/\/marneantic.com\/index.php\/wp-json\/wp\/v2\/media?parent=4486"}],"wp:term":[{"taxonomy":"product_cat","embeddable":true,"href":"https:\/\/marneantic.com\/index.php\/wp-json\/wp\/v2\/product_cat?post=4486"},{"taxonomy":"product_tag","embeddable":true,"href":"https:\/\/marneantic.com\/index.php\/wp-json\/wp\/v2\/product_tag?post=4486"}],"curies":[{"name":"wp","href":"https:\/\/api.w.org\/{rel}","templated":true}]}}