{"id":451,"date":"2016-02-19T17:16:18","date_gmt":"2016-02-19T16:16:18","guid":{"rendered":"http:\/\/marneantic.com\/?post_type=product&#038;p=451"},"modified":"2024-09-13T14:41:00","modified_gmt":"2024-09-13T13:41:00","slug":"12-porte-couteaux-cristal-en-ecrin","status":"publish","type":"product","link":"https:\/\/marneantic.com\/index.php\/produit\/12-porte-couteaux-cristal-en-ecrin\/","title":{"rendered":"12 porte-couteaux cristal en \u00e9crin"},"content":{"rendered":"","protected":false},"excerpt":{"rendered":"<p>12 porte-couteaux anciens en cristal en \u00e9crin d&rsquo;origine,en parfait \u00e9tat<\/p>\n","protected":false},"featured_media":452,"comment_status":"closed","ping_status":"closed","template":"","meta":{"_et_pb_use_builder":"","_et_pb_old_content":"","_et_gb_content_width":""},"product_cat":[13,10],"product_tag":[],"_links":{"self":[{"href":"https:\/\/marneantic.com\/index.php\/wp-json\/wp\/v2\/product\/451"}],"collection":[{"href":"https:\/\/marneantic.com\/index.php\/wp-json\/wp\/v2\/product"}],"about":[{"href":"https:\/\/marneantic.com\/index.php\/wp-json\/wp\/v2\/types\/product"}],"replies":[{"embeddable":true,"href":"https:\/\/marneantic.com\/index.php\/wp-json\/wp\/v2\/comments?post=451"}],"wp:featuredmedia":[{"embeddable":true,"href":"https:\/\/marneantic.com\/index.php\/wp-json\/wp\/v2\/media\/452"}],"wp:attachment":[{"href":"https:\/\/marneantic.com\/index.php\/wp-json\/wp\/v2\/media?parent=451"}],"wp:term":[{"taxonomy":"product_cat","embeddable":true,"href":"https:\/\/marneantic.com\/index.php\/wp-json\/wp\/v2\/product_cat?post=451"},{"taxonomy":"product_tag","embeddable":true,"href":"https:\/\/marneantic.com\/index.php\/wp-json\/wp\/v2\/product_tag?post=451"}],"curies":[{"name":"wp","href":"https:\/\/api.w.org\/{rel}","templated":true}]}}