{"id":458,"date":"2016-02-19T17:43:15","date_gmt":"2016-02-19T16:43:15","guid":{"rendered":"http:\/\/marneantic.com\/?post_type=product&#038;p=458"},"modified":"2016-02-19T17:43:15","modified_gmt":"2016-02-19T16:43:15","slug":"flacon-de-parfum-19eme-cristal-cisele-et-argent","status":"publish","type":"product","link":"https:\/\/marneantic.com\/index.php\/produit\/flacon-de-parfum-19eme-cristal-cisele-et-argent\/","title":{"rendered":"Flacon de parfum 19eme cristal cisel\u00e9 et argent"},"content":{"rendered":"","protected":false},"excerpt":{"rendered":"<p>Superbe flacon de parfum 19eme en cristal cisel\u00e9 et argent(poin\u00e7on minerve)d\u00e9cors guirlandes,entrelacs et bouquets de fleurs,capuchon et cerclage en argent,le capuchon seul p\u00e8se 17.4gr,en parfait \u00e9tat<\/p>\n","protected":false},"featured_media":459,"comment_status":"closed","ping_status":"closed","template":"","meta":{"_et_pb_use_builder":"","_et_pb_old_content":"","_et_gb_content_width":""},"product_cat":[14],"product_tag":[],"_links":{"self":[{"href":"https:\/\/marneantic.com\/index.php\/wp-json\/wp\/v2\/product\/458"}],"collection":[{"href":"https:\/\/marneantic.com\/index.php\/wp-json\/wp\/v2\/product"}],"about":[{"href":"https:\/\/marneantic.com\/index.php\/wp-json\/wp\/v2\/types\/product"}],"replies":[{"embeddable":true,"href":"https:\/\/marneantic.com\/index.php\/wp-json\/wp\/v2\/comments?post=458"}],"wp:featuredmedia":[{"embeddable":true,"href":"https:\/\/marneantic.com\/index.php\/wp-json\/wp\/v2\/media\/459"}],"wp:attachment":[{"href":"https:\/\/marneantic.com\/index.php\/wp-json\/wp\/v2\/media?parent=458"}],"wp:term":[{"taxonomy":"product_cat","embeddable":true,"href":"https:\/\/marneantic.com\/index.php\/wp-json\/wp\/v2\/product_cat?post=458"},{"taxonomy":"product_tag","embeddable":true,"href":"https:\/\/marneantic.com\/index.php\/wp-json\/wp\/v2\/product_tag?post=458"}],"curies":[{"name":"wp","href":"https:\/\/api.w.org\/{rel}","templated":true}]}}