{"id":4858,"date":"2018-03-14T16:42:53","date_gmt":"2018-03-14T15:42:53","guid":{"rendered":"http:\/\/marneantic.com\/index.php\/produit\/service-a-decouper-ancien-en-argent-et-acieren-ecrin\/"},"modified":"2018-03-14T16:51:50","modified_gmt":"2018-03-14T15:51:50","slug":"service-a-decouper-ancien-en-argent-et-acieren-ecrin","status":"publish","type":"product","link":"https:\/\/marneantic.com\/index.php\/produit\/service-a-decouper-ancien-en-argent-et-acieren-ecrin\/","title":{"rendered":"Service \u00e0 d\u00e9couper ancien en argent et acier,en \u00e9crin"},"content":{"rendered":"","protected":false},"excerpt":{"rendered":"<p>Service \u00e0 d\u00e9couper ancien,en tr\u00e8s bon \u00e9tat,lames en acier,manche en argent(poin\u00e7on minerve),longueur couteau:30.5cm,fourchette:25.5cm,\u00e9crin d&rsquo;origine avec traces d&rsquo;usure<\/p>\n","protected":false},"featured_media":4863,"comment_status":"closed","ping_status":"closed","template":"","meta":{"_et_pb_use_builder":"","_et_pb_old_content":"","_et_gb_content_width":""},"product_cat":[12,10,29],"product_tag":[],"_links":{"self":[{"href":"https:\/\/marneantic.com\/index.php\/wp-json\/wp\/v2\/product\/4858"}],"collection":[{"href":"https:\/\/marneantic.com\/index.php\/wp-json\/wp\/v2\/product"}],"about":[{"href":"https:\/\/marneantic.com\/index.php\/wp-json\/wp\/v2\/types\/product"}],"replies":[{"embeddable":true,"href":"https:\/\/marneantic.com\/index.php\/wp-json\/wp\/v2\/comments?post=4858"}],"wp:featuredmedia":[{"embeddable":true,"href":"https:\/\/marneantic.com\/index.php\/wp-json\/wp\/v2\/media\/4863"}],"wp:attachment":[{"href":"https:\/\/marneantic.com\/index.php\/wp-json\/wp\/v2\/media?parent=4858"}],"wp:term":[{"taxonomy":"product_cat","embeddable":true,"href":"https:\/\/marneantic.com\/index.php\/wp-json\/wp\/v2\/product_cat?post=4858"},{"taxonomy":"product_tag","embeddable":true,"href":"https:\/\/marneantic.com\/index.php\/wp-json\/wp\/v2\/product_tag?post=4858"}],"curies":[{"name":"wp","href":"https:\/\/api.w.org\/{rel}","templated":true}]}}