{"id":4875,"date":"2018-03-14T17:34:30","date_gmt":"2018-03-14T16:34:30","guid":{"rendered":"http:\/\/marneantic.com\/index.php\/produit\/timbale-en-metal-argente-art-decoen-ecrin\/"},"modified":"2019-08-12T07:26:43","modified_gmt":"2019-08-12T06:26:43","slug":"timbale-en-metal-argente-art-decoen-ecrin","status":"publish","type":"product","link":"https:\/\/marneantic.com\/index.php\/produit\/timbale-en-metal-argente-art-decoen-ecrin\/","title":{"rendered":"Timbale en m\u00e9tal argent\u00e9 art-d\u00e9co,en \u00e9crin"},"content":{"rendered":"","protected":false},"excerpt":{"rendered":"<p>Timbale en m\u00e9tal argent\u00e9 art-d\u00e9co,poin\u00e7onn\u00e9e,orf\u00e8vrerie Argental,en tr\u00e8s bon \u00e9tat,grav\u00e9e aux pr\u00e9noms\u00a0\u00bbLucien-Romain avec d\u00e9cor de cedre\u00a0\u00bbhauteur:7.5cm,diam\u00e8tre:6.5cm,\u00e9crin en bon \u00e9tat<\/p>\n","protected":false},"featured_media":4880,"comment_status":"open","ping_status":"closed","template":"","meta":{"_et_pb_use_builder":"","_et_pb_old_content":"","_et_gb_content_width":""},"product_cat":[13,12,10,44],"product_tag":[],"_links":{"self":[{"href":"https:\/\/marneantic.com\/index.php\/wp-json\/wp\/v2\/product\/4875"}],"collection":[{"href":"https:\/\/marneantic.com\/index.php\/wp-json\/wp\/v2\/product"}],"about":[{"href":"https:\/\/marneantic.com\/index.php\/wp-json\/wp\/v2\/types\/product"}],"replies":[{"embeddable":true,"href":"https:\/\/marneantic.com\/index.php\/wp-json\/wp\/v2\/comments?post=4875"}],"wp:featuredmedia":[{"embeddable":true,"href":"https:\/\/marneantic.com\/index.php\/wp-json\/wp\/v2\/media\/4880"}],"wp:attachment":[{"href":"https:\/\/marneantic.com\/index.php\/wp-json\/wp\/v2\/media?parent=4875"}],"wp:term":[{"taxonomy":"product_cat","embeddable":true,"href":"https:\/\/marneantic.com\/index.php\/wp-json\/wp\/v2\/product_cat?post=4875"},{"taxonomy":"product_tag","embeddable":true,"href":"https:\/\/marneantic.com\/index.php\/wp-json\/wp\/v2\/product_tag?post=4875"}],"curies":[{"name":"wp","href":"https:\/\/api.w.org\/{rel}","templated":true}]}}