{"id":499,"date":"2016-02-20T16:11:58","date_gmt":"2016-02-20T15:11:58","guid":{"rendered":"http:\/\/marneantic.com\/index.php\/produit\/flambeaubougeoir-bronze-19eme-2\/"},"modified":"2016-02-20T16:18:17","modified_gmt":"2016-02-20T15:18:17","slug":"flambeaubougeoir-bronze-19eme-2","status":"publish","type":"product","link":"https:\/\/marneantic.com\/index.php\/produit\/flambeaubougeoir-bronze-19eme-2\/","title":{"rendered":"Flambeau\/bougeoir bronze 19eme"},"content":{"rendered":"","protected":false},"excerpt":{"rendered":"<p>Beau flambeau\/bougeoir en bronze 19eme a d\u00e9cor de sage en m\u00e9ditation,en tr\u00e8s bon etat<\/p>\n","protected":false},"featured_media":500,"comment_status":"closed","ping_status":"closed","template":"","meta":{"_et_pb_use_builder":"","_et_pb_old_content":"","_et_gb_content_width":""},"product_cat":[8],"product_tag":[],"_links":{"self":[{"href":"https:\/\/marneantic.com\/index.php\/wp-json\/wp\/v2\/product\/499"}],"collection":[{"href":"https:\/\/marneantic.com\/index.php\/wp-json\/wp\/v2\/product"}],"about":[{"href":"https:\/\/marneantic.com\/index.php\/wp-json\/wp\/v2\/types\/product"}],"replies":[{"embeddable":true,"href":"https:\/\/marneantic.com\/index.php\/wp-json\/wp\/v2\/comments?post=499"}],"wp:featuredmedia":[{"embeddable":true,"href":"https:\/\/marneantic.com\/index.php\/wp-json\/wp\/v2\/media\/500"}],"wp:attachment":[{"href":"https:\/\/marneantic.com\/index.php\/wp-json\/wp\/v2\/media?parent=499"}],"wp:term":[{"taxonomy":"product_cat","embeddable":true,"href":"https:\/\/marneantic.com\/index.php\/wp-json\/wp\/v2\/product_cat?post=499"},{"taxonomy":"product_tag","embeddable":true,"href":"https:\/\/marneantic.com\/index.php\/wp-json\/wp\/v2\/product_tag?post=499"}],"curies":[{"name":"wp","href":"https:\/\/api.w.org\/{rel}","templated":true}]}}