{"id":4990,"date":"2018-03-20T15:05:58","date_gmt":"2018-03-20T14:05:58","guid":{"rendered":"http:\/\/marneantic.com\/index.php\/produit\/verre-a-cognac-en-cristal-de-baccarat-2\/"},"modified":"2019-11-18T15:47:12","modified_gmt":"2019-11-18T14:47:12","slug":"verre-a-cognac-en-cristal-de-baccarat-2","status":"publish","type":"product","link":"https:\/\/marneantic.com\/index.php\/produit\/verre-a-cognac-en-cristal-de-baccarat-2\/","title":{"rendered":"Verre a cognac en cristal de Baccarat"},"content":{"rendered":"","protected":false},"excerpt":{"rendered":"<p>Verre a cognac en cristal de Baccarat(estampille au dessous),en tr\u00e8s bon \u00e9tat,hauteur:13cm,diam\u00e8tre du buvant:6.2cm,diam\u00e8tre du pied:7.5cm<\/p>\n","protected":false},"featured_media":4992,"comment_status":"closed","ping_status":"closed","template":"","meta":{"_et_pb_use_builder":"","_et_pb_old_content":"","_et_gb_content_width":""},"product_cat":[10,11],"product_tag":[],"_links":{"self":[{"href":"https:\/\/marneantic.com\/index.php\/wp-json\/wp\/v2\/product\/4990"}],"collection":[{"href":"https:\/\/marneantic.com\/index.php\/wp-json\/wp\/v2\/product"}],"about":[{"href":"https:\/\/marneantic.com\/index.php\/wp-json\/wp\/v2\/types\/product"}],"replies":[{"embeddable":true,"href":"https:\/\/marneantic.com\/index.php\/wp-json\/wp\/v2\/comments?post=4990"}],"wp:featuredmedia":[{"embeddable":true,"href":"https:\/\/marneantic.com\/index.php\/wp-json\/wp\/v2\/media\/4992"}],"wp:attachment":[{"href":"https:\/\/marneantic.com\/index.php\/wp-json\/wp\/v2\/media?parent=4990"}],"wp:term":[{"taxonomy":"product_cat","embeddable":true,"href":"https:\/\/marneantic.com\/index.php\/wp-json\/wp\/v2\/product_cat?post=4990"},{"taxonomy":"product_tag","embeddable":true,"href":"https:\/\/marneantic.com\/index.php\/wp-json\/wp\/v2\/product_tag?post=4990"}],"curies":[{"name":"wp","href":"https:\/\/api.w.org\/{rel}","templated":true}]}}