{"id":503,"date":"2016-02-20T16:19:02","date_gmt":"2016-02-20T15:19:02","guid":{"rendered":"http:\/\/marneantic.com\/index.php\/produit\/bougeoir-bronze-19eme\/"},"modified":"2016-02-20T16:23:50","modified_gmt":"2016-02-20T15:23:50","slug":"bougeoir-bronze-19eme","status":"publish","type":"product","link":"https:\/\/marneantic.com\/index.php\/produit\/bougeoir-bronze-19eme\/","title":{"rendered":"Bougeoir bronze 19eme"},"content":{"rendered":"","protected":false},"excerpt":{"rendered":"<p>Beau bougeoir en bronze 19eme a d\u00e9cor d&rsquo;\u00e9pis de bl\u00e9s et fleurs,en tr\u00e8s bon etat<\/p>\n","protected":false},"featured_media":505,"comment_status":"closed","ping_status":"closed","template":"","meta":{"_et_pb_use_builder":"","_et_pb_old_content":"","_et_gb_content_width":""},"product_cat":[8],"product_tag":[],"_links":{"self":[{"href":"https:\/\/marneantic.com\/index.php\/wp-json\/wp\/v2\/product\/503"}],"collection":[{"href":"https:\/\/marneantic.com\/index.php\/wp-json\/wp\/v2\/product"}],"about":[{"href":"https:\/\/marneantic.com\/index.php\/wp-json\/wp\/v2\/types\/product"}],"replies":[{"embeddable":true,"href":"https:\/\/marneantic.com\/index.php\/wp-json\/wp\/v2\/comments?post=503"}],"wp:featuredmedia":[{"embeddable":true,"href":"https:\/\/marneantic.com\/index.php\/wp-json\/wp\/v2\/media\/505"}],"wp:attachment":[{"href":"https:\/\/marneantic.com\/index.php\/wp-json\/wp\/v2\/media?parent=503"}],"wp:term":[{"taxonomy":"product_cat","embeddable":true,"href":"https:\/\/marneantic.com\/index.php\/wp-json\/wp\/v2\/product_cat?post=503"},{"taxonomy":"product_tag","embeddable":true,"href":"https:\/\/marneantic.com\/index.php\/wp-json\/wp\/v2\/product_tag?post=503"}],"curies":[{"name":"wp","href":"https:\/\/api.w.org\/{rel}","templated":true}]}}