{"id":5146,"date":"2018-03-30T14:23:07","date_gmt":"2018-03-30T13:23:07","guid":{"rendered":"https:\/\/marneantic.com\/index.php\/produit\/sucrier-ancien-en-porcelaine-2\/"},"modified":"2018-03-30T14:29:51","modified_gmt":"2018-03-30T13:29:51","slug":"sucrier-ancien-en-porcelaine-2","status":"publish","type":"product","link":"https:\/\/marneantic.com\/index.php\/produit\/sucrier-ancien-en-porcelaine-2\/","title":{"rendered":"Sucrier ancien en porcelaine"},"content":{"rendered":"","protected":false},"excerpt":{"rendered":"<p>sucrier ancien en porcelaine,en tr\u00e8s bon \u00e9tat,hauteur totale:13.5cm,diametre:11cm hors poign\u00e9es<\/p>\n","protected":false},"featured_media":5149,"comment_status":"open","ping_status":"closed","template":"","meta":{"_et_pb_use_builder":"","_et_pb_old_content":"","_et_gb_content_width":""},"product_cat":[26,7],"product_tag":[],"_links":{"self":[{"href":"https:\/\/marneantic.com\/index.php\/wp-json\/wp\/v2\/product\/5146"}],"collection":[{"href":"https:\/\/marneantic.com\/index.php\/wp-json\/wp\/v2\/product"}],"about":[{"href":"https:\/\/marneantic.com\/index.php\/wp-json\/wp\/v2\/types\/product"}],"replies":[{"embeddable":true,"href":"https:\/\/marneantic.com\/index.php\/wp-json\/wp\/v2\/comments?post=5146"}],"wp:featuredmedia":[{"embeddable":true,"href":"https:\/\/marneantic.com\/index.php\/wp-json\/wp\/v2\/media\/5149"}],"wp:attachment":[{"href":"https:\/\/marneantic.com\/index.php\/wp-json\/wp\/v2\/media?parent=5146"}],"wp:term":[{"taxonomy":"product_cat","embeddable":true,"href":"https:\/\/marneantic.com\/index.php\/wp-json\/wp\/v2\/product_cat?post=5146"},{"taxonomy":"product_tag","embeddable":true,"href":"https:\/\/marneantic.com\/index.php\/wp-json\/wp\/v2\/product_tag?post=5146"}],"curies":[{"name":"wp","href":"https:\/\/api.w.org\/{rel}","templated":true}]}}