{"id":5162,"date":"2018-03-30T15:59:00","date_gmt":"2018-03-30T14:59:00","guid":{"rendered":"https:\/\/marneantic.com\/index.php\/produit\/tasse-a-the-ancienne-en-porcelaine\/"},"modified":"2018-04-06T14:21:33","modified_gmt":"2018-04-06T13:21:33","slug":"tasse-a-the-ancienne-en-porcelaine","status":"publish","type":"product","link":"https:\/\/marneantic.com\/index.php\/produit\/tasse-a-the-ancienne-en-porcelaine\/","title":{"rendered":"Tasse a th\u00e9 ancienne en porcelaine"},"content":{"rendered":"","protected":false},"excerpt":{"rendered":"<p>tasse a th\u00e9 ancienne en porcelaine,en tr\u00e8s bon \u00e9tat,tasse hauteur:5cm,diametre:7.5cm,diam\u00e8tre soucoupe:13cm,marque de fabrique inconnue<\/p>\n","protected":false},"featured_media":5165,"comment_status":"closed","ping_status":"closed","template":"","meta":{"_et_pb_use_builder":"","_et_pb_old_content":"","_et_gb_content_width":""},"product_cat":[26,7],"product_tag":[],"_links":{"self":[{"href":"https:\/\/marneantic.com\/index.php\/wp-json\/wp\/v2\/product\/5162"}],"collection":[{"href":"https:\/\/marneantic.com\/index.php\/wp-json\/wp\/v2\/product"}],"about":[{"href":"https:\/\/marneantic.com\/index.php\/wp-json\/wp\/v2\/types\/product"}],"replies":[{"embeddable":true,"href":"https:\/\/marneantic.com\/index.php\/wp-json\/wp\/v2\/comments?post=5162"}],"wp:featuredmedia":[{"embeddable":true,"href":"https:\/\/marneantic.com\/index.php\/wp-json\/wp\/v2\/media\/5165"}],"wp:attachment":[{"href":"https:\/\/marneantic.com\/index.php\/wp-json\/wp\/v2\/media?parent=5162"}],"wp:term":[{"taxonomy":"product_cat","embeddable":true,"href":"https:\/\/marneantic.com\/index.php\/wp-json\/wp\/v2\/product_cat?post=5162"},{"taxonomy":"product_tag","embeddable":true,"href":"https:\/\/marneantic.com\/index.php\/wp-json\/wp\/v2\/product_tag?post=5162"}],"curies":[{"name":"wp","href":"https:\/\/api.w.org\/{rel}","templated":true}]}}