{"id":5170,"date":"2018-03-31T16:23:36","date_gmt":"2018-03-31T15:23:36","guid":{"rendered":"https:\/\/marneantic.com\/index.php\/produit\/tasse-a-cafe-art-deco-ancienne-en-porcelaine-de-limoges-4\/"},"modified":"2020-05-21T19:48:11","modified_gmt":"2020-05-21T18:48:11","slug":"tasse-a-cafe-art-deco-ancienne-en-porcelaine-de-limoges-4","status":"publish","type":"product","link":"https:\/\/marneantic.com\/index.php\/produit\/tasse-a-cafe-art-deco-ancienne-en-porcelaine-de-limoges-4\/","title":{"rendered":"Tasse a caf\u00e9 art-d\u00e9co ancienne en porcelaine de Limoges"},"content":{"rendered":"","protected":false},"excerpt":{"rendered":"<p>tasse a caf\u00e9 art-d\u00e9co ancienne en porcelaine de Limoges,(manufacture Pallas vers 1930)en tr\u00e8s bon \u00e9tat,tasse hauteur:6 cm,diametre:6.3cm,diam\u00e8tre soucoupe:13cm<\/p>\n","protected":false},"featured_media":5174,"comment_status":"closed","ping_status":"closed","template":"","meta":{"_et_pb_use_builder":"","_et_pb_old_content":"","_et_gb_content_width":""},"product_cat":[44,26,7],"product_tag":[],"_links":{"self":[{"href":"https:\/\/marneantic.com\/index.php\/wp-json\/wp\/v2\/product\/5170"}],"collection":[{"href":"https:\/\/marneantic.com\/index.php\/wp-json\/wp\/v2\/product"}],"about":[{"href":"https:\/\/marneantic.com\/index.php\/wp-json\/wp\/v2\/types\/product"}],"replies":[{"embeddable":true,"href":"https:\/\/marneantic.com\/index.php\/wp-json\/wp\/v2\/comments?post=5170"}],"wp:featuredmedia":[{"embeddable":true,"href":"https:\/\/marneantic.com\/index.php\/wp-json\/wp\/v2\/media\/5174"}],"wp:attachment":[{"href":"https:\/\/marneantic.com\/index.php\/wp-json\/wp\/v2\/media?parent=5170"}],"wp:term":[{"taxonomy":"product_cat","embeddable":true,"href":"https:\/\/marneantic.com\/index.php\/wp-json\/wp\/v2\/product_cat?post=5170"},{"taxonomy":"product_tag","embeddable":true,"href":"https:\/\/marneantic.com\/index.php\/wp-json\/wp\/v2\/product_tag?post=5170"}],"curies":[{"name":"wp","href":"https:\/\/api.w.org\/{rel}","templated":true}]}}