{"id":5179,"date":"2018-03-31T16:45:27","date_gmt":"2018-03-31T15:45:27","guid":{"rendered":"https:\/\/marneantic.com\/index.php\/produit\/potgobelet-en-porcelaine-peint-19eme-2\/"},"modified":"2018-03-31T16:49:34","modified_gmt":"2018-03-31T15:49:34","slug":"potgobelet-en-porcelaine-peint-19eme-2","status":"publish","type":"product","link":"https:\/\/marneantic.com\/index.php\/produit\/potgobelet-en-porcelaine-peint-19eme-2\/","title":{"rendered":"Pot\/gobelet en porcelaine peint 19eme"},"content":{"rendered":"","protected":false},"excerpt":{"rendered":"<p>Pot\/gobelet en porcelaine peint 19eme a d\u00e9cor rural,en tr\u00e8s bon \u00e9tat,hauteur:6.2cm,diametre:6.2cm,aucune marque de fabrique<\/p>\n","protected":false},"featured_media":5181,"comment_status":"open","ping_status":"closed","template":"","meta":{"_et_pb_use_builder":"","_et_pb_old_content":"","_et_gb_content_width":""},"product_cat":[14],"product_tag":[],"_links":{"self":[{"href":"https:\/\/marneantic.com\/index.php\/wp-json\/wp\/v2\/product\/5179"}],"collection":[{"href":"https:\/\/marneantic.com\/index.php\/wp-json\/wp\/v2\/product"}],"about":[{"href":"https:\/\/marneantic.com\/index.php\/wp-json\/wp\/v2\/types\/product"}],"replies":[{"embeddable":true,"href":"https:\/\/marneantic.com\/index.php\/wp-json\/wp\/v2\/comments?post=5179"}],"wp:featuredmedia":[{"embeddable":true,"href":"https:\/\/marneantic.com\/index.php\/wp-json\/wp\/v2\/media\/5181"}],"wp:attachment":[{"href":"https:\/\/marneantic.com\/index.php\/wp-json\/wp\/v2\/media?parent=5179"}],"wp:term":[{"taxonomy":"product_cat","embeddable":true,"href":"https:\/\/marneantic.com\/index.php\/wp-json\/wp\/v2\/product_cat?post=5179"},{"taxonomy":"product_tag","embeddable":true,"href":"https:\/\/marneantic.com\/index.php\/wp-json\/wp\/v2\/product_tag?post=5179"}],"curies":[{"name":"wp","href":"https:\/\/api.w.org\/{rel}","templated":true}]}}