{"id":5194,"date":"2018-04-04T13:16:53","date_gmt":"2018-04-04T12:16:53","guid":{"rendered":"https:\/\/marneantic.com\/index.php\/produit\/sucrier-ancien-en-porcelaine-3\/"},"modified":"2018-04-04T13:22:14","modified_gmt":"2018-04-04T12:22:14","slug":"sucrier-ancien-en-porcelaine-3","status":"publish","type":"product","link":"https:\/\/marneantic.com\/index.php\/produit\/sucrier-ancien-en-porcelaine-3\/","title":{"rendered":"Sucrier ancien en porcelaine"},"content":{"rendered":"","protected":false},"excerpt":{"rendered":"<p>sucrier ancien en porcelaine(aucune marque de fabrique),en tr\u00e8s bon \u00e9tat,hauteur totale:15cm,diametre:11cm hors poign\u00e9es<\/p>\n","protected":false},"featured_media":5196,"comment_status":"open","ping_status":"closed","template":"","meta":{"_et_pb_use_builder":"","_et_pb_old_content":"","_et_gb_content_width":""},"product_cat":[26,7],"product_tag":[],"_links":{"self":[{"href":"https:\/\/marneantic.com\/index.php\/wp-json\/wp\/v2\/product\/5194"}],"collection":[{"href":"https:\/\/marneantic.com\/index.php\/wp-json\/wp\/v2\/product"}],"about":[{"href":"https:\/\/marneantic.com\/index.php\/wp-json\/wp\/v2\/types\/product"}],"replies":[{"embeddable":true,"href":"https:\/\/marneantic.com\/index.php\/wp-json\/wp\/v2\/comments?post=5194"}],"wp:featuredmedia":[{"embeddable":true,"href":"https:\/\/marneantic.com\/index.php\/wp-json\/wp\/v2\/media\/5196"}],"wp:attachment":[{"href":"https:\/\/marneantic.com\/index.php\/wp-json\/wp\/v2\/media?parent=5194"}],"wp:term":[{"taxonomy":"product_cat","embeddable":true,"href":"https:\/\/marneantic.com\/index.php\/wp-json\/wp\/v2\/product_cat?post=5194"},{"taxonomy":"product_tag","embeddable":true,"href":"https:\/\/marneantic.com\/index.php\/wp-json\/wp\/v2\/product_tag?post=5194"}],"curies":[{"name":"wp","href":"https:\/\/api.w.org\/{rel}","templated":true}]}}