{"id":5227,"date":"2018-04-05T12:55:15","date_gmt":"2018-04-05T11:55:15","guid":{"rendered":"https:\/\/marneantic.com\/index.php\/produit\/pichet-a-lait-ancien-en-porcelaine-de-limoges-2\/"},"modified":"2018-04-05T13:01:35","modified_gmt":"2018-04-05T12:01:35","slug":"pichet-a-lait-ancien-en-porcelaine-de-limoges-2","status":"publish","type":"product","link":"https:\/\/marneantic.com\/index.php\/produit\/pichet-a-lait-ancien-en-porcelaine-de-limoges-2\/","title":{"rendered":"Pichet a lait ancien en porcelaine de Limoges"},"content":{"rendered":"","protected":false},"excerpt":{"rendered":"<p>Pichet a lait ancien en porcelaine de Limoges(manufacture PALLAS vers 1930),d\u00e9cor floral,en tr\u00e8s bon \u00e9tat,hauteur:11.5cm,diam\u00e8tre:8cm hors bec et poign\u00e9e<\/p>\n","protected":false},"featured_media":5230,"comment_status":"closed","ping_status":"closed","template":"","meta":{"_et_pb_use_builder":"","_et_pb_old_content":"","_et_gb_content_width":""},"product_cat":[26,7],"product_tag":[],"_links":{"self":[{"href":"https:\/\/marneantic.com\/index.php\/wp-json\/wp\/v2\/product\/5227"}],"collection":[{"href":"https:\/\/marneantic.com\/index.php\/wp-json\/wp\/v2\/product"}],"about":[{"href":"https:\/\/marneantic.com\/index.php\/wp-json\/wp\/v2\/types\/product"}],"replies":[{"embeddable":true,"href":"https:\/\/marneantic.com\/index.php\/wp-json\/wp\/v2\/comments?post=5227"}],"wp:featuredmedia":[{"embeddable":true,"href":"https:\/\/marneantic.com\/index.php\/wp-json\/wp\/v2\/media\/5230"}],"wp:attachment":[{"href":"https:\/\/marneantic.com\/index.php\/wp-json\/wp\/v2\/media?parent=5227"}],"wp:term":[{"taxonomy":"product_cat","embeddable":true,"href":"https:\/\/marneantic.com\/index.php\/wp-json\/wp\/v2\/product_cat?post=5227"},{"taxonomy":"product_tag","embeddable":true,"href":"https:\/\/marneantic.com\/index.php\/wp-json\/wp\/v2\/product_tag?post=5227"}],"curies":[{"name":"wp","href":"https:\/\/api.w.org\/{rel}","templated":true}]}}