{"id":5255,"date":"2018-04-07T15:06:01","date_gmt":"2018-04-07T14:06:01","guid":{"rendered":"https:\/\/marneantic.com\/index.php\/produit\/sucrier-ancienporcelaine-de-limoges-3\/"},"modified":"2018-04-07T15:11:20","modified_gmt":"2018-04-07T14:11:20","slug":"sucrier-ancienporcelaine-de-limoges-3","status":"publish","type":"product","link":"https:\/\/marneantic.com\/index.php\/produit\/sucrier-ancienporcelaine-de-limoges-3\/","title":{"rendered":"Sucrier ancien,porcelaine de Limoges"},"content":{"rendered":"","protected":false},"excerpt":{"rendered":"<p>sucrier ancien en porcelaine de Limoges(manufacture PALLAS vers 1930)d\u00e9cor de fleurs et g\u00e9om\u00e9trique,en tr\u00e8s bon \u00e9tat,hauteur totale:16cm,diametre:11.5cm hors poign\u00e9es<\/p>\n","protected":false},"featured_media":5258,"comment_status":"open","ping_status":"closed","template":"","meta":{"_et_pb_use_builder":"","_et_pb_old_content":"","_et_gb_content_width":""},"product_cat":[26,7],"product_tag":[],"_links":{"self":[{"href":"https:\/\/marneantic.com\/index.php\/wp-json\/wp\/v2\/product\/5255"}],"collection":[{"href":"https:\/\/marneantic.com\/index.php\/wp-json\/wp\/v2\/product"}],"about":[{"href":"https:\/\/marneantic.com\/index.php\/wp-json\/wp\/v2\/types\/product"}],"replies":[{"embeddable":true,"href":"https:\/\/marneantic.com\/index.php\/wp-json\/wp\/v2\/comments?post=5255"}],"wp:featuredmedia":[{"embeddable":true,"href":"https:\/\/marneantic.com\/index.php\/wp-json\/wp\/v2\/media\/5258"}],"wp:attachment":[{"href":"https:\/\/marneantic.com\/index.php\/wp-json\/wp\/v2\/media?parent=5255"}],"wp:term":[{"taxonomy":"product_cat","embeddable":true,"href":"https:\/\/marneantic.com\/index.php\/wp-json\/wp\/v2\/product_cat?post=5255"},{"taxonomy":"product_tag","embeddable":true,"href":"https:\/\/marneantic.com\/index.php\/wp-json\/wp\/v2\/product_tag?post=5255"}],"curies":[{"name":"wp","href":"https:\/\/api.w.org\/{rel}","templated":true}]}}