{"id":5314,"date":"2018-04-08T16:23:25","date_gmt":"2018-04-08T15:23:25","guid":{"rendered":"https:\/\/marneantic.com\/?post_type=product&#038;p=5314"},"modified":"2018-04-08T16:23:25","modified_gmt":"2018-04-08T15:23:25","slug":"plateau-ancien-en-porcelaine-peinte","status":"publish","type":"product","link":"https:\/\/marneantic.com\/index.php\/produit\/plateau-ancien-en-porcelaine-peinte\/","title":{"rendered":"Plateau ancien en porcelaine peinte"},"content":{"rendered":"","protected":false},"excerpt":{"rendered":"<p>Plateau ancien en porcelaine peinte,d\u00e9cor de paysage rural,en tr\u00e8s bon \u00e9tat,dimensions:29.5&#215;20.5cm,hauteur:2cm,aucune marque de fabrique<\/p>\n","protected":false},"featured_media":5317,"comment_status":"open","ping_status":"closed","template":"","meta":{"_et_pb_use_builder":"","_et_pb_old_content":"","_et_gb_content_width":""},"product_cat":[14,8],"product_tag":[],"_links":{"self":[{"href":"https:\/\/marneantic.com\/index.php\/wp-json\/wp\/v2\/product\/5314"}],"collection":[{"href":"https:\/\/marneantic.com\/index.php\/wp-json\/wp\/v2\/product"}],"about":[{"href":"https:\/\/marneantic.com\/index.php\/wp-json\/wp\/v2\/types\/product"}],"replies":[{"embeddable":true,"href":"https:\/\/marneantic.com\/index.php\/wp-json\/wp\/v2\/comments?post=5314"}],"wp:featuredmedia":[{"embeddable":true,"href":"https:\/\/marneantic.com\/index.php\/wp-json\/wp\/v2\/media\/5317"}],"wp:attachment":[{"href":"https:\/\/marneantic.com\/index.php\/wp-json\/wp\/v2\/media?parent=5314"}],"wp:term":[{"taxonomy":"product_cat","embeddable":true,"href":"https:\/\/marneantic.com\/index.php\/wp-json\/wp\/v2\/product_cat?post=5314"},{"taxonomy":"product_tag","embeddable":true,"href":"https:\/\/marneantic.com\/index.php\/wp-json\/wp\/v2\/product_tag?post=5314"}],"curies":[{"name":"wp","href":"https:\/\/api.w.org\/{rel}","templated":true}]}}