{"id":5348,"date":"2018-04-10T10:14:27","date_gmt":"2018-04-10T09:14:27","guid":{"rendered":"https:\/\/marneantic.com\/index.php\/produit\/pot-ancien-en-porcelaine-peinte-2\/"},"modified":"2018-04-10T10:19:07","modified_gmt":"2018-04-10T09:19:07","slug":"pot-ancien-en-porcelaine-peinte-2","status":"publish","type":"product","link":"https:\/\/marneantic.com\/index.php\/produit\/pot-ancien-en-porcelaine-peinte-2\/","title":{"rendered":"Pot ancien en porcelaine peinte"},"content":{"rendered":"","protected":false},"excerpt":{"rendered":"<p>Pot ancien en porcelaine peinte a d\u00e9cor rural,en tr\u00e8s bon \u00e9tat,hauteur:7cm,cot\u00e9s:6.5cm,aucune marque de fabrique<\/p>\n","protected":false},"featured_media":5351,"comment_status":"open","ping_status":"closed","template":"","meta":{"_et_pb_use_builder":"","_et_pb_old_content":"","_et_gb_content_width":""},"product_cat":[14],"product_tag":[],"_links":{"self":[{"href":"https:\/\/marneantic.com\/index.php\/wp-json\/wp\/v2\/product\/5348"}],"collection":[{"href":"https:\/\/marneantic.com\/index.php\/wp-json\/wp\/v2\/product"}],"about":[{"href":"https:\/\/marneantic.com\/index.php\/wp-json\/wp\/v2\/types\/product"}],"replies":[{"embeddable":true,"href":"https:\/\/marneantic.com\/index.php\/wp-json\/wp\/v2\/comments?post=5348"}],"wp:featuredmedia":[{"embeddable":true,"href":"https:\/\/marneantic.com\/index.php\/wp-json\/wp\/v2\/media\/5351"}],"wp:attachment":[{"href":"https:\/\/marneantic.com\/index.php\/wp-json\/wp\/v2\/media?parent=5348"}],"wp:term":[{"taxonomy":"product_cat","embeddable":true,"href":"https:\/\/marneantic.com\/index.php\/wp-json\/wp\/v2\/product_cat?post=5348"},{"taxonomy":"product_tag","embeddable":true,"href":"https:\/\/marneantic.com\/index.php\/wp-json\/wp\/v2\/product_tag?post=5348"}],"curies":[{"name":"wp","href":"https:\/\/api.w.org\/{rel}","templated":true}]}}