{"id":5429,"date":"2018-04-23T15:15:57","date_gmt":"2018-04-23T14:15:57","guid":{"rendered":"https:\/\/marneantic.com\/index.php\/produit\/tasse-a-dejeuner-en-faience-de-quimperkeraluc\/"},"modified":"2019-10-03T18:05:05","modified_gmt":"2019-10-03T17:05:05","slug":"tasse-a-dejeuner-en-faience-de-quimperkeraluc","status":"publish","type":"product","link":"https:\/\/marneantic.com\/index.php\/produit\/tasse-a-dejeuner-en-faience-de-quimperkeraluc\/","title":{"rendered":"Tasse a d\u00e9jeuner en fa\u00efence de quimper\u00a0\u00bbKERALUC\u00a0\u00bb"},"content":{"rendered":"","protected":false},"excerpt":{"rendered":"<p>tasse a d\u00e9jeuner en fa\u00efence de quimper\u00a0\u00bbKERALUC\u00a0\u00bb,en tr\u00e8s bon \u00e9tat,d\u00e9cor floral,tasse hauteur:7cm,diametre:10cm soucoupe diametre:15.5cm<\/p>\n","protected":false},"featured_media":5432,"comment_status":"closed","ping_status":"closed","template":"","meta":{"_et_pb_use_builder":"","_et_pb_old_content":"","_et_gb_content_width":""},"product_cat":[26,7],"product_tag":[],"_links":{"self":[{"href":"https:\/\/marneantic.com\/index.php\/wp-json\/wp\/v2\/product\/5429"}],"collection":[{"href":"https:\/\/marneantic.com\/index.php\/wp-json\/wp\/v2\/product"}],"about":[{"href":"https:\/\/marneantic.com\/index.php\/wp-json\/wp\/v2\/types\/product"}],"replies":[{"embeddable":true,"href":"https:\/\/marneantic.com\/index.php\/wp-json\/wp\/v2\/comments?post=5429"}],"wp:featuredmedia":[{"embeddable":true,"href":"https:\/\/marneantic.com\/index.php\/wp-json\/wp\/v2\/media\/5432"}],"wp:attachment":[{"href":"https:\/\/marneantic.com\/index.php\/wp-json\/wp\/v2\/media?parent=5429"}],"wp:term":[{"taxonomy":"product_cat","embeddable":true,"href":"https:\/\/marneantic.com\/index.php\/wp-json\/wp\/v2\/product_cat?post=5429"},{"taxonomy":"product_tag","embeddable":true,"href":"https:\/\/marneantic.com\/index.php\/wp-json\/wp\/v2\/product_tag?post=5429"}],"curies":[{"name":"wp","href":"https:\/\/api.w.org\/{rel}","templated":true}]}}