{"id":5477,"date":"2018-04-27T18:00:24","date_gmt":"2018-04-27T17:00:24","guid":{"rendered":"https:\/\/marneantic.com\/index.php\/produit\/bonbonniere-ancienne-en-porcelaine-de-saxe\/"},"modified":"2018-04-27T18:07:43","modified_gmt":"2018-04-27T17:07:43","slug":"bonbonniere-ancienne-en-porcelaine-de-saxe","status":"publish","type":"product","link":"https:\/\/marneantic.com\/index.php\/produit\/bonbonniere-ancienne-en-porcelaine-de-saxe\/","title":{"rendered":"Bonbonni\u00e8re ancienne en porcelaine de saxe"},"content":{"rendered":"","protected":false},"excerpt":{"rendered":"<p>Bonbonni\u00e8re ancienne en porcelaine de saxe,d\u00e9cor romantique,usure du d\u00e9cor sur le rebord du couvercle,longueur:14.3cm,largeur:11.3cm,hauteur:5.5cm,en bon \u00e9tat,sans coups ni f\u00eales<\/p>\n","protected":false},"featured_media":5481,"comment_status":"closed","ping_status":"closed","template":"","meta":{"_et_pb_use_builder":"","_et_pb_old_content":"","_et_gb_content_width":""},"product_cat":[14],"product_tag":[],"_links":{"self":[{"href":"https:\/\/marneantic.com\/index.php\/wp-json\/wp\/v2\/product\/5477"}],"collection":[{"href":"https:\/\/marneantic.com\/index.php\/wp-json\/wp\/v2\/product"}],"about":[{"href":"https:\/\/marneantic.com\/index.php\/wp-json\/wp\/v2\/types\/product"}],"replies":[{"embeddable":true,"href":"https:\/\/marneantic.com\/index.php\/wp-json\/wp\/v2\/comments?post=5477"}],"wp:featuredmedia":[{"embeddable":true,"href":"https:\/\/marneantic.com\/index.php\/wp-json\/wp\/v2\/media\/5481"}],"wp:attachment":[{"href":"https:\/\/marneantic.com\/index.php\/wp-json\/wp\/v2\/media?parent=5477"}],"wp:term":[{"taxonomy":"product_cat","embeddable":true,"href":"https:\/\/marneantic.com\/index.php\/wp-json\/wp\/v2\/product_cat?post=5477"},{"taxonomy":"product_tag","embeddable":true,"href":"https:\/\/marneantic.com\/index.php\/wp-json\/wp\/v2\/product_tag?post=5477"}],"curies":[{"name":"wp","href":"https:\/\/api.w.org\/{rel}","templated":true}]}}