{"id":5549,"date":"2018-05-06T16:36:44","date_gmt":"2018-05-06T15:36:44","guid":{"rendered":"https:\/\/marneantic.com\/index.php\/produit\/verre-a-liqueur-ancien-en-verre-moule\/"},"modified":"2018-05-06T16:43:58","modified_gmt":"2018-05-06T15:43:58","slug":"verre-a-liqueur-ancien-en-verre-moule","status":"publish","type":"product","link":"https:\/\/marneantic.com\/index.php\/produit\/verre-a-liqueur-ancien-en-verre-moule\/","title":{"rendered":"Verre a liqueur ancien en verre moul\u00e9"},"content":{"rendered":"","protected":false},"excerpt":{"rendered":"<p>Verre a liqueur ancien en verre moul\u00e9,d\u00e9cor floral,en tr\u00e8s bon \u00e9tat,hauteur:8.5cm,diam\u00e8tre du buvant:3.7cm,diam\u00e8tre du pied:4.3cm<\/p>\n","protected":false},"featured_media":5551,"comment_status":"closed","ping_status":"closed","template":"","meta":{"_et_pb_use_builder":"","_et_pb_old_content":"","_et_gb_content_width":""},"product_cat":[10,11],"product_tag":[],"_links":{"self":[{"href":"https:\/\/marneantic.com\/index.php\/wp-json\/wp\/v2\/product\/5549"}],"collection":[{"href":"https:\/\/marneantic.com\/index.php\/wp-json\/wp\/v2\/product"}],"about":[{"href":"https:\/\/marneantic.com\/index.php\/wp-json\/wp\/v2\/types\/product"}],"replies":[{"embeddable":true,"href":"https:\/\/marneantic.com\/index.php\/wp-json\/wp\/v2\/comments?post=5549"}],"wp:featuredmedia":[{"embeddable":true,"href":"https:\/\/marneantic.com\/index.php\/wp-json\/wp\/v2\/media\/5551"}],"wp:attachment":[{"href":"https:\/\/marneantic.com\/index.php\/wp-json\/wp\/v2\/media?parent=5549"}],"wp:term":[{"taxonomy":"product_cat","embeddable":true,"href":"https:\/\/marneantic.com\/index.php\/wp-json\/wp\/v2\/product_cat?post=5549"},{"taxonomy":"product_tag","embeddable":true,"href":"https:\/\/marneantic.com\/index.php\/wp-json\/wp\/v2\/product_tag?post=5549"}],"curies":[{"name":"wp","href":"https:\/\/api.w.org\/{rel}","templated":true}]}}