{"id":5599,"date":"2018-05-12T13:59:51","date_gmt":"2018-05-12T12:59:51","guid":{"rendered":"https:\/\/marneantic.com\/index.php\/produit\/service-a-decouper-ancien-art-decometal-argente\/"},"modified":"2019-08-09T07:32:09","modified_gmt":"2019-08-09T06:32:09","slug":"service-a-decouper-ancien-art-decometal-argente","status":"publish","type":"product","link":"https:\/\/marneantic.com\/index.php\/produit\/service-a-decouper-ancien-art-decometal-argente\/","title":{"rendered":"Service \u00e0 d\u00e9couper ancien art-d\u00e9co,m\u00e9tal argent\u00e9"},"content":{"rendered":"","protected":false},"excerpt":{"rendered":"<p>Service \u00e0 d\u00e9couper art-d\u00e9co ancien en bon \u00e9tat,lames en acier,manche en m\u00e9tal argent\u00e9,longueur couteau:32cm,fourchette:28cm<\/p>\n","protected":false},"featured_media":5602,"comment_status":"closed","ping_status":"closed","template":"","meta":{"_et_pb_use_builder":"","_et_pb_old_content":"","_et_gb_content_width":""},"product_cat":[12,10,44,29],"product_tag":[],"_links":{"self":[{"href":"https:\/\/marneantic.com\/index.php\/wp-json\/wp\/v2\/product\/5599"}],"collection":[{"href":"https:\/\/marneantic.com\/index.php\/wp-json\/wp\/v2\/product"}],"about":[{"href":"https:\/\/marneantic.com\/index.php\/wp-json\/wp\/v2\/types\/product"}],"replies":[{"embeddable":true,"href":"https:\/\/marneantic.com\/index.php\/wp-json\/wp\/v2\/comments?post=5599"}],"wp:featuredmedia":[{"embeddable":true,"href":"https:\/\/marneantic.com\/index.php\/wp-json\/wp\/v2\/media\/5602"}],"wp:attachment":[{"href":"https:\/\/marneantic.com\/index.php\/wp-json\/wp\/v2\/media?parent=5599"}],"wp:term":[{"taxonomy":"product_cat","embeddable":true,"href":"https:\/\/marneantic.com\/index.php\/wp-json\/wp\/v2\/product_cat?post=5599"},{"taxonomy":"product_tag","embeddable":true,"href":"https:\/\/marneantic.com\/index.php\/wp-json\/wp\/v2\/product_tag?post=5599"}],"curies":[{"name":"wp","href":"https:\/\/api.w.org\/{rel}","templated":true}]}}