{"id":5608,"date":"2018-05-12T14:49:36","date_gmt":"2018-05-12T13:49:36","guid":{"rendered":"https:\/\/marneantic.com\/?post_type=product&#038;p=5608"},"modified":"2019-08-09T07:31:56","modified_gmt":"2019-08-09T06:31:56","slug":"service-a-vin-cuit-art-deco-sur-presentoir-en-metal-chrome","status":"publish","type":"product","link":"https:\/\/marneantic.com\/index.php\/produit\/service-a-vin-cuit-art-deco-sur-presentoir-en-metal-chrome\/","title":{"rendered":"Service a vin cuit art-d\u00e9co sur pr\u00e9sentoir en m\u00e9tal chrom\u00e9"},"content":{"rendered":"","protected":false},"excerpt":{"rendered":"<p>Service a vin cuit art-d\u00e9co sur pr\u00e9sentoir en m\u00e9tal chrom\u00e9 en parfait \u00e9tat,les 8 verres tous \u00e9galement en parfait \u00e9tat,dimensions du pr\u00e9sentoir:longueur:25cm,largeur:13cm,hauteur:17cm,verres:hauteur:6cm,diametre:4.6cm<\/p>\n","protected":false},"featured_media":5611,"comment_status":"open","ping_status":"closed","template":"","meta":{"_et_pb_use_builder":"","_et_pb_old_content":"","_et_gb_content_width":""},"product_cat":[13,10,44,11],"product_tag":[],"_links":{"self":[{"href":"https:\/\/marneantic.com\/index.php\/wp-json\/wp\/v2\/product\/5608"}],"collection":[{"href":"https:\/\/marneantic.com\/index.php\/wp-json\/wp\/v2\/product"}],"about":[{"href":"https:\/\/marneantic.com\/index.php\/wp-json\/wp\/v2\/types\/product"}],"replies":[{"embeddable":true,"href":"https:\/\/marneantic.com\/index.php\/wp-json\/wp\/v2\/comments?post=5608"}],"wp:featuredmedia":[{"embeddable":true,"href":"https:\/\/marneantic.com\/index.php\/wp-json\/wp\/v2\/media\/5611"}],"wp:attachment":[{"href":"https:\/\/marneantic.com\/index.php\/wp-json\/wp\/v2\/media?parent=5608"}],"wp:term":[{"taxonomy":"product_cat","embeddable":true,"href":"https:\/\/marneantic.com\/index.php\/wp-json\/wp\/v2\/product_cat?post=5608"},{"taxonomy":"product_tag","embeddable":true,"href":"https:\/\/marneantic.com\/index.php\/wp-json\/wp\/v2\/product_tag?post=5608"}],"curies":[{"name":"wp","href":"https:\/\/api.w.org\/{rel}","templated":true}]}}