{"id":566,"date":"2016-02-22T16:03:25","date_gmt":"2016-02-22T15:03:25","guid":{"rendered":"http:\/\/marneantic.com\/?post_type=product&#038;p=566"},"modified":"2016-02-22T16:03:25","modified_gmt":"2016-02-22T15:03:25","slug":"8-verres-de-table-graves-debut-20eme","status":"publish","type":"product","link":"https:\/\/marneantic.com\/index.php\/produit\/8-verres-de-table-graves-debut-20eme\/","title":{"rendered":"8 verres de table grav\u00e9s d\u00e9but 20eme"},"content":{"rendered":"","protected":false},"excerpt":{"rendered":"<p>S\u00e9rie de 8 verres grav\u00e9s d\u00e9but 20eme,en tr\u00e8s bon \u00e9tat,hauteur:12.5cm,diam\u00e8tre buvant:5.8cm<\/p>\n","protected":false},"featured_media":567,"comment_status":"closed","ping_status":"closed","template":"","meta":{"_et_pb_use_builder":"","_et_pb_old_content":"","_et_gb_content_width":""},"product_cat":[10,11],"product_tag":[],"_links":{"self":[{"href":"https:\/\/marneantic.com\/index.php\/wp-json\/wp\/v2\/product\/566"}],"collection":[{"href":"https:\/\/marneantic.com\/index.php\/wp-json\/wp\/v2\/product"}],"about":[{"href":"https:\/\/marneantic.com\/index.php\/wp-json\/wp\/v2\/types\/product"}],"replies":[{"embeddable":true,"href":"https:\/\/marneantic.com\/index.php\/wp-json\/wp\/v2\/comments?post=566"}],"wp:featuredmedia":[{"embeddable":true,"href":"https:\/\/marneantic.com\/index.php\/wp-json\/wp\/v2\/media\/567"}],"wp:attachment":[{"href":"https:\/\/marneantic.com\/index.php\/wp-json\/wp\/v2\/media?parent=566"}],"wp:term":[{"taxonomy":"product_cat","embeddable":true,"href":"https:\/\/marneantic.com\/index.php\/wp-json\/wp\/v2\/product_cat?post=566"},{"taxonomy":"product_tag","embeddable":true,"href":"https:\/\/marneantic.com\/index.php\/wp-json\/wp\/v2\/product_tag?post=566"}],"curies":[{"name":"wp","href":"https:\/\/api.w.org\/{rel}","templated":true}]}}