{"id":5678,"date":"2018-05-30T13:56:22","date_gmt":"2018-05-30T12:56:22","guid":{"rendered":"https:\/\/marneantic.com\/index.php\/produit\/grand-porte-photo-miroir-annees-50\/"},"modified":"2018-07-19T13:40:49","modified_gmt":"2018-07-19T12:40:49","slug":"grand-porte-photo-miroir-annees-50","status":"publish","type":"product","link":"https:\/\/marneantic.com\/index.php\/produit\/grand-porte-photo-miroir-annees-50\/","title":{"rendered":"grand porte-photo miroir ann\u00e9es 50&prime;"},"content":{"rendered":"","protected":false},"excerpt":{"rendered":"<p>Porte-photo miroir ann\u00e9es 50&prime; complet avec b\u00e9quille,en tr\u00e8s bon \u00e9tat,hauteur:29.5cm,largeur:23.5cm<\/p>\n","protected":false},"featured_media":5681,"comment_status":"open","ping_status":"closed","template":"","meta":{"_et_pb_use_builder":"","_et_pb_old_content":"","_et_gb_content_width":""},"product_cat":[8,16],"product_tag":[],"_links":{"self":[{"href":"https:\/\/marneantic.com\/index.php\/wp-json\/wp\/v2\/product\/5678"}],"collection":[{"href":"https:\/\/marneantic.com\/index.php\/wp-json\/wp\/v2\/product"}],"about":[{"href":"https:\/\/marneantic.com\/index.php\/wp-json\/wp\/v2\/types\/product"}],"replies":[{"embeddable":true,"href":"https:\/\/marneantic.com\/index.php\/wp-json\/wp\/v2\/comments?post=5678"}],"wp:featuredmedia":[{"embeddable":true,"href":"https:\/\/marneantic.com\/index.php\/wp-json\/wp\/v2\/media\/5681"}],"wp:attachment":[{"href":"https:\/\/marneantic.com\/index.php\/wp-json\/wp\/v2\/media?parent=5678"}],"wp:term":[{"taxonomy":"product_cat","embeddable":true,"href":"https:\/\/marneantic.com\/index.php\/wp-json\/wp\/v2\/product_cat?post=5678"},{"taxonomy":"product_tag","embeddable":true,"href":"https:\/\/marneantic.com\/index.php\/wp-json\/wp\/v2\/product_tag?post=5678"}],"curies":[{"name":"wp","href":"https:\/\/api.w.org\/{rel}","templated":true}]}}