{"id":5770,"date":"2018-06-14T13:17:14","date_gmt":"2018-06-14T12:17:14","guid":{"rendered":"https:\/\/marneantic.com\/index.php\/produit\/grand-plat-de-service-ancien-en-porcelaine-de-limoges\/"},"modified":"2018-06-14T13:23:04","modified_gmt":"2018-06-14T12:23:04","slug":"grand-plat-de-service-ancien-en-porcelaine-de-limoges","status":"publish","type":"product","link":"https:\/\/marneantic.com\/index.php\/produit\/grand-plat-de-service-ancien-en-porcelaine-de-limoges\/","title":{"rendered":"grand plat de service ancien en porcelaine de Limoges"},"content":{"rendered":"","protected":false},"excerpt":{"rendered":"<p>grand plat de service semi-creux ancien en porcelaine de Limoges,manufacture B.F vers 1920,d\u00e9cor floral et g\u00e9om\u00e9trique,en tr\u00e8s bon \u00e9tat,longueur:40.5cm,largeur:29.8cm<\/p>\n","protected":false},"featured_media":5772,"comment_status":"open","ping_status":"closed","template":"","meta":{"_et_pb_use_builder":"","_et_pb_old_content":"","_et_gb_content_width":""},"product_cat":[28,7],"product_tag":[],"_links":{"self":[{"href":"https:\/\/marneantic.com\/index.php\/wp-json\/wp\/v2\/product\/5770"}],"collection":[{"href":"https:\/\/marneantic.com\/index.php\/wp-json\/wp\/v2\/product"}],"about":[{"href":"https:\/\/marneantic.com\/index.php\/wp-json\/wp\/v2\/types\/product"}],"replies":[{"embeddable":true,"href":"https:\/\/marneantic.com\/index.php\/wp-json\/wp\/v2\/comments?post=5770"}],"wp:featuredmedia":[{"embeddable":true,"href":"https:\/\/marneantic.com\/index.php\/wp-json\/wp\/v2\/media\/5772"}],"wp:attachment":[{"href":"https:\/\/marneantic.com\/index.php\/wp-json\/wp\/v2\/media?parent=5770"}],"wp:term":[{"taxonomy":"product_cat","embeddable":true,"href":"https:\/\/marneantic.com\/index.php\/wp-json\/wp\/v2\/product_cat?post=5770"},{"taxonomy":"product_tag","embeddable":true,"href":"https:\/\/marneantic.com\/index.php\/wp-json\/wp\/v2\/product_tag?post=5770"}],"curies":[{"name":"wp","href":"https:\/\/api.w.org\/{rel}","templated":true}]}}