{"id":5814,"date":"2018-06-19T10:55:02","date_gmt":"2018-06-19T09:55:02","guid":{"rendered":"https:\/\/marneantic.com\/index.php\/produit\/benitier-ancien-19eme-en-porcelaine\/"},"modified":"2018-06-19T12:15:31","modified_gmt":"2018-06-19T11:15:31","slug":"benitier-ancien-19eme-en-porcelaine","status":"publish","type":"product","link":"https:\/\/marneantic.com\/index.php\/produit\/benitier-ancien-19eme-en-porcelaine\/","title":{"rendered":"B\u00e9nitier ancien 19eme en porcelaine"},"content":{"rendered":"","protected":false},"excerpt":{"rendered":"<p>B\u00e9nitier ancien 19eme en porcelaine,en tr\u00e8s bon \u00e9tat(manque de dorures par endroits),hauteur:21cm,largeur:9cm,profondeur:8.5cm<\/p>\n","protected":false},"featured_media":5818,"comment_status":"closed","ping_status":"closed","template":"","meta":{"_et_pb_use_builder":"","_et_pb_old_content":"","_et_gb_content_width":""},"product_cat":[14],"product_tag":[],"_links":{"self":[{"href":"https:\/\/marneantic.com\/index.php\/wp-json\/wp\/v2\/product\/5814"}],"collection":[{"href":"https:\/\/marneantic.com\/index.php\/wp-json\/wp\/v2\/product"}],"about":[{"href":"https:\/\/marneantic.com\/index.php\/wp-json\/wp\/v2\/types\/product"}],"replies":[{"embeddable":true,"href":"https:\/\/marneantic.com\/index.php\/wp-json\/wp\/v2\/comments?post=5814"}],"wp:featuredmedia":[{"embeddable":true,"href":"https:\/\/marneantic.com\/index.php\/wp-json\/wp\/v2\/media\/5818"}],"wp:attachment":[{"href":"https:\/\/marneantic.com\/index.php\/wp-json\/wp\/v2\/media?parent=5814"}],"wp:term":[{"taxonomy":"product_cat","embeddable":true,"href":"https:\/\/marneantic.com\/index.php\/wp-json\/wp\/v2\/product_cat?post=5814"},{"taxonomy":"product_tag","embeddable":true,"href":"https:\/\/marneantic.com\/index.php\/wp-json\/wp\/v2\/product_tag?post=5814"}],"curies":[{"name":"wp","href":"https:\/\/api.w.org\/{rel}","templated":true}]}}