{"id":5822,"date":"2018-06-19T13:50:48","date_gmt":"2018-06-19T12:50:48","guid":{"rendered":"https:\/\/marneantic.com\/?post_type=product&#038;p=5822"},"modified":"2018-09-04T15:34:27","modified_gmt":"2018-09-04T14:34:27","slug":"presse-agrume-et-verre-assorti-ancien-en-porcelaineen-ecrin","status":"publish","type":"product","link":"https:\/\/marneantic.com\/index.php\/produit\/presse-agrume-et-verre-assorti-ancien-en-porcelaineen-ecrin\/","title":{"rendered":"presse-agrume et verre assorti ancien en porcelaine,en \u00e9crin"},"content":{"rendered":"","protected":false},"excerpt":{"rendered":"<p>presse-agrume et verre assorti ancien en porcelaine,en \u00e9crin,le gobelet est a d\u00e9cor d&rsquo;enfants,le tout en tr\u00e8s bon \u00e9tat,diam\u00e8tre du presse-agrume:8cm hors poign\u00e9e et bec,diam\u00e8tre du gobelet:6.5cm,hauteur:6.5cm,aucune marque de fabrique<\/p>\n","protected":false},"featured_media":5825,"comment_status":"open","ping_status":"closed","template":"","meta":{"_et_pb_use_builder":"","_et_pb_old_content":"","_et_gb_content_width":""},"product_cat":[13,10,29],"product_tag":[],"_links":{"self":[{"href":"https:\/\/marneantic.com\/index.php\/wp-json\/wp\/v2\/product\/5822"}],"collection":[{"href":"https:\/\/marneantic.com\/index.php\/wp-json\/wp\/v2\/product"}],"about":[{"href":"https:\/\/marneantic.com\/index.php\/wp-json\/wp\/v2\/types\/product"}],"replies":[{"embeddable":true,"href":"https:\/\/marneantic.com\/index.php\/wp-json\/wp\/v2\/comments?post=5822"}],"wp:featuredmedia":[{"embeddable":true,"href":"https:\/\/marneantic.com\/index.php\/wp-json\/wp\/v2\/media\/5825"}],"wp:attachment":[{"href":"https:\/\/marneantic.com\/index.php\/wp-json\/wp\/v2\/media?parent=5822"}],"wp:term":[{"taxonomy":"product_cat","embeddable":true,"href":"https:\/\/marneantic.com\/index.php\/wp-json\/wp\/v2\/product_cat?post=5822"},{"taxonomy":"product_tag","embeddable":true,"href":"https:\/\/marneantic.com\/index.php\/wp-json\/wp\/v2\/product_tag?post=5822"}],"curies":[{"name":"wp","href":"https:\/\/api.w.org\/{rel}","templated":true}]}}