{"id":585,"date":"2016-02-23T16:34:53","date_gmt":"2016-02-23T15:34:53","guid":{"rendered":"http:\/\/marneantic.com\/?post_type=product&#038;p=585"},"modified":"2016-02-23T16:34:53","modified_gmt":"2016-02-23T15:34:53","slug":"saliere-ancienne-en-biscuit","status":"publish","type":"product","link":"https:\/\/marneantic.com\/index.php\/produit\/saliere-ancienne-en-biscuit\/","title":{"rendered":"Sali\u00e8re ancienne en biscuit"},"content":{"rendered":"","protected":false},"excerpt":{"rendered":"<p>Sali\u00e8re ancienne en biscuit repr\u00e9sentant un soldat cuirassier,en tr\u00e8s bon \u00e9tat<\/p>\n","protected":false},"featured_media":586,"comment_status":"closed","ping_status":"closed","template":"","meta":{"_et_pb_use_builder":"","_et_pb_old_content":"","_et_gb_content_width":""},"product_cat":[13,10],"product_tag":[],"_links":{"self":[{"href":"https:\/\/marneantic.com\/index.php\/wp-json\/wp\/v2\/product\/585"}],"collection":[{"href":"https:\/\/marneantic.com\/index.php\/wp-json\/wp\/v2\/product"}],"about":[{"href":"https:\/\/marneantic.com\/index.php\/wp-json\/wp\/v2\/types\/product"}],"replies":[{"embeddable":true,"href":"https:\/\/marneantic.com\/index.php\/wp-json\/wp\/v2\/comments?post=585"}],"wp:featuredmedia":[{"embeddable":true,"href":"https:\/\/marneantic.com\/index.php\/wp-json\/wp\/v2\/media\/586"}],"wp:attachment":[{"href":"https:\/\/marneantic.com\/index.php\/wp-json\/wp\/v2\/media?parent=585"}],"wp:term":[{"taxonomy":"product_cat","embeddable":true,"href":"https:\/\/marneantic.com\/index.php\/wp-json\/wp\/v2\/product_cat?post=585"},{"taxonomy":"product_tag","embeddable":true,"href":"https:\/\/marneantic.com\/index.php\/wp-json\/wp\/v2\/product_tag?post=585"}],"curies":[{"name":"wp","href":"https:\/\/api.w.org\/{rel}","templated":true}]}}