{"id":5922,"date":"2018-06-27T15:37:23","date_gmt":"2018-06-27T14:37:23","guid":{"rendered":"https:\/\/marneantic.com\/?post_type=product&#038;p=5922"},"modified":"2019-08-09T07:30:22","modified_gmt":"2019-08-09T06:30:22","slug":"tasse-a-cafe-art-deco-ancienne-en-porcelaine","status":"publish","type":"product","link":"https:\/\/marneantic.com\/index.php\/produit\/tasse-a-cafe-art-deco-ancienne-en-porcelaine\/","title":{"rendered":"Tasse a caf\u00e9 art-d\u00e9co ancienne en porcelaine"},"content":{"rendered":"","protected":false},"excerpt":{"rendered":"<p>tasse a caf\u00e9 art-d\u00e9co ancienne en porcelaine,d\u00e9cor floral stylis\u00e9 et ballons,en bon \u00e9tat,tasse hauteur:6.3cm,diametre:6.3cm,diam\u00e8tre soucoupe:13cm,aucune marque de fabrique<\/p>\n","protected":false},"featured_media":5925,"comment_status":"closed","ping_status":"closed","template":"","meta":{"_et_pb_use_builder":"","_et_pb_old_content":"","_et_gb_content_width":""},"product_cat":[44,26,7],"product_tag":[],"_links":{"self":[{"href":"https:\/\/marneantic.com\/index.php\/wp-json\/wp\/v2\/product\/5922"}],"collection":[{"href":"https:\/\/marneantic.com\/index.php\/wp-json\/wp\/v2\/product"}],"about":[{"href":"https:\/\/marneantic.com\/index.php\/wp-json\/wp\/v2\/types\/product"}],"replies":[{"embeddable":true,"href":"https:\/\/marneantic.com\/index.php\/wp-json\/wp\/v2\/comments?post=5922"}],"wp:featuredmedia":[{"embeddable":true,"href":"https:\/\/marneantic.com\/index.php\/wp-json\/wp\/v2\/media\/5925"}],"wp:attachment":[{"href":"https:\/\/marneantic.com\/index.php\/wp-json\/wp\/v2\/media?parent=5922"}],"wp:term":[{"taxonomy":"product_cat","embeddable":true,"href":"https:\/\/marneantic.com\/index.php\/wp-json\/wp\/v2\/product_cat?post=5922"},{"taxonomy":"product_tag","embeddable":true,"href":"https:\/\/marneantic.com\/index.php\/wp-json\/wp\/v2\/product_tag?post=5922"}],"curies":[{"name":"wp","href":"https:\/\/api.w.org\/{rel}","templated":true}]}}