{"id":6036,"date":"2018-07-07T14:42:16","date_gmt":"2018-07-07T13:42:16","guid":{"rendered":"https:\/\/marneantic.com\/?post_type=product&#038;p=6036"},"modified":"2018-07-07T14:50:04","modified_gmt":"2018-07-07T13:50:04","slug":"coupelle-petit-bol-en-cristal-de-sevres","status":"publish","type":"product","link":"https:\/\/marneantic.com\/index.php\/produit\/coupelle-petit-bol-en-cristal-de-sevres\/","title":{"rendered":"Coupelle\/petit bol en cristal de SEVRES"},"content":{"rendered":"","protected":false},"excerpt":{"rendered":"<p>Coupelle\/petit bol en cristal de S\u00c8VRES en tr\u00e8s bon \u00e9tat,hauteur:5cm,diametre:4.7cm<\/p>\n","protected":false},"featured_media":6038,"comment_status":"closed","ping_status":"closed","template":"","meta":{"_et_pb_use_builder":"","_et_pb_old_content":"","_et_gb_content_width":""},"product_cat":[14,8],"product_tag":[],"_links":{"self":[{"href":"https:\/\/marneantic.com\/index.php\/wp-json\/wp\/v2\/product\/6036"}],"collection":[{"href":"https:\/\/marneantic.com\/index.php\/wp-json\/wp\/v2\/product"}],"about":[{"href":"https:\/\/marneantic.com\/index.php\/wp-json\/wp\/v2\/types\/product"}],"replies":[{"embeddable":true,"href":"https:\/\/marneantic.com\/index.php\/wp-json\/wp\/v2\/comments?post=6036"}],"wp:featuredmedia":[{"embeddable":true,"href":"https:\/\/marneantic.com\/index.php\/wp-json\/wp\/v2\/media\/6038"}],"wp:attachment":[{"href":"https:\/\/marneantic.com\/index.php\/wp-json\/wp\/v2\/media?parent=6036"}],"wp:term":[{"taxonomy":"product_cat","embeddable":true,"href":"https:\/\/marneantic.com\/index.php\/wp-json\/wp\/v2\/product_cat?post=6036"},{"taxonomy":"product_tag","embeddable":true,"href":"https:\/\/marneantic.com\/index.php\/wp-json\/wp\/v2\/product_tag?post=6036"}],"curies":[{"name":"wp","href":"https:\/\/api.w.org\/{rel}","templated":true}]}}