{"id":6052,"date":"2018-07-07T15:43:16","date_gmt":"2018-07-07T14:43:16","guid":{"rendered":"https:\/\/marneantic.com\/?post_type=product&#038;p=6052"},"modified":"2018-07-07T15:50:34","modified_gmt":"2018-07-07T14:50:34","slug":"12-couteaux-a-fromage-ou-dessert-anciens-en-ecrin","status":"publish","type":"product","link":"https:\/\/marneantic.com\/index.php\/produit\/12-couteaux-a-fromage-ou-dessert-anciens-en-ecrin\/","title":{"rendered":"12 couteaux \u00e0 fromage ou dessert anciens en \u00e9crin"},"content":{"rendered":"","protected":false},"excerpt":{"rendered":"<p>12 couteaux \u00e0 fromage ou dessert anciens,lame acier marqu\u00e9e\u00a0\u00bbHAMON Paris\u00a0\u00bbvirole en argent et manche en corne,en bon \u00e9tat,petites traces sur certaines lames,\u00e9crin avec traces d&rsquo;usage,longueur:19.5cm<\/p>\n","protected":false},"featured_media":6056,"comment_status":"closed","ping_status":"closed","template":"","meta":{"_et_pb_use_builder":"","_et_pb_old_content":"","_et_gb_content_width":""},"product_cat":[10,29],"product_tag":[],"_links":{"self":[{"href":"https:\/\/marneantic.com\/index.php\/wp-json\/wp\/v2\/product\/6052"}],"collection":[{"href":"https:\/\/marneantic.com\/index.php\/wp-json\/wp\/v2\/product"}],"about":[{"href":"https:\/\/marneantic.com\/index.php\/wp-json\/wp\/v2\/types\/product"}],"replies":[{"embeddable":true,"href":"https:\/\/marneantic.com\/index.php\/wp-json\/wp\/v2\/comments?post=6052"}],"wp:featuredmedia":[{"embeddable":true,"href":"https:\/\/marneantic.com\/index.php\/wp-json\/wp\/v2\/media\/6056"}],"wp:attachment":[{"href":"https:\/\/marneantic.com\/index.php\/wp-json\/wp\/v2\/media?parent=6052"}],"wp:term":[{"taxonomy":"product_cat","embeddable":true,"href":"https:\/\/marneantic.com\/index.php\/wp-json\/wp\/v2\/product_cat?post=6052"},{"taxonomy":"product_tag","embeddable":true,"href":"https:\/\/marneantic.com\/index.php\/wp-json\/wp\/v2\/product_tag?post=6052"}],"curies":[{"name":"wp","href":"https:\/\/api.w.org\/{rel}","templated":true}]}}