{"id":606,"date":"2016-02-24T15:40:56","date_gmt":"2016-02-24T14:40:56","guid":{"rendered":"http:\/\/marneantic.com\/?post_type=product&#038;p=606"},"modified":"2016-04-19T17:20:11","modified_gmt":"2016-04-19T16:20:11","slug":"assiette-decorative-faienceemaux-longwy","status":"publish","type":"product","link":"https:\/\/marneantic.com\/index.php\/produit\/assiette-decorative-faienceemaux-longwy\/","title":{"rendered":"Assiette d\u00e9corative fa\u00efence\/\u00e9maux Longwy"},"content":{"rendered":"","protected":false},"excerpt":{"rendered":"<p>Assiette d\u00e9corative en fa\u00efence\/\u00e9maux\u00a0de Longwy,d\u00e9cor\u00a0\u00bble pressoir\u00a0\u00bben parfait \u00e9tat<\/p>\n","protected":false},"featured_media":607,"comment_status":"closed","ping_status":"closed","template":"","meta":{"_et_pb_use_builder":"","_et_pb_old_content":"","_et_gb_content_width":""},"product_cat":[8],"product_tag":[],"_links":{"self":[{"href":"https:\/\/marneantic.com\/index.php\/wp-json\/wp\/v2\/product\/606"}],"collection":[{"href":"https:\/\/marneantic.com\/index.php\/wp-json\/wp\/v2\/product"}],"about":[{"href":"https:\/\/marneantic.com\/index.php\/wp-json\/wp\/v2\/types\/product"}],"replies":[{"embeddable":true,"href":"https:\/\/marneantic.com\/index.php\/wp-json\/wp\/v2\/comments?post=606"}],"wp:featuredmedia":[{"embeddable":true,"href":"https:\/\/marneantic.com\/index.php\/wp-json\/wp\/v2\/media\/607"}],"wp:attachment":[{"href":"https:\/\/marneantic.com\/index.php\/wp-json\/wp\/v2\/media?parent=606"}],"wp:term":[{"taxonomy":"product_cat","embeddable":true,"href":"https:\/\/marneantic.com\/index.php\/wp-json\/wp\/v2\/product_cat?post=606"},{"taxonomy":"product_tag","embeddable":true,"href":"https:\/\/marneantic.com\/index.php\/wp-json\/wp\/v2\/product_tag?post=606"}],"curies":[{"name":"wp","href":"https:\/\/api.w.org\/{rel}","templated":true}]}}