{"id":6066,"date":"2018-07-09T13:51:00","date_gmt":"2018-07-09T12:51:00","guid":{"rendered":"https:\/\/marneantic.com\/?post_type=product&#038;p=6066"},"modified":"2018-07-09T13:57:00","modified_gmt":"2018-07-09T12:57:00","slug":"patere-embrase-ancienne-en-bronze","status":"publish","type":"product","link":"https:\/\/marneantic.com\/index.php\/produit\/patere-embrase-ancienne-en-bronze\/","title":{"rendered":"Pat\u00e8re\/embrase ancienne en bronze"},"content":{"rendered":"","protected":false},"excerpt":{"rendered":"<p>Pat\u00e8re\/embrase ancienne en bronze dor\u00e9,en tr\u00e8s bon \u00e9tat,hauteur:17cm,profondeur au mur:12.5cm<\/p>\n","protected":false},"featured_media":6070,"comment_status":"closed","ping_status":"closed","template":"","meta":{"_et_pb_use_builder":"","_et_pb_old_content":"","_et_gb_content_width":""},"product_cat":[8],"product_tag":[],"_links":{"self":[{"href":"https:\/\/marneantic.com\/index.php\/wp-json\/wp\/v2\/product\/6066"}],"collection":[{"href":"https:\/\/marneantic.com\/index.php\/wp-json\/wp\/v2\/product"}],"about":[{"href":"https:\/\/marneantic.com\/index.php\/wp-json\/wp\/v2\/types\/product"}],"replies":[{"embeddable":true,"href":"https:\/\/marneantic.com\/index.php\/wp-json\/wp\/v2\/comments?post=6066"}],"wp:featuredmedia":[{"embeddable":true,"href":"https:\/\/marneantic.com\/index.php\/wp-json\/wp\/v2\/media\/6070"}],"wp:attachment":[{"href":"https:\/\/marneantic.com\/index.php\/wp-json\/wp\/v2\/media?parent=6066"}],"wp:term":[{"taxonomy":"product_cat","embeddable":true,"href":"https:\/\/marneantic.com\/index.php\/wp-json\/wp\/v2\/product_cat?post=6066"},{"taxonomy":"product_tag","embeddable":true,"href":"https:\/\/marneantic.com\/index.php\/wp-json\/wp\/v2\/product_tag?post=6066"}],"curies":[{"name":"wp","href":"https:\/\/api.w.org\/{rel}","templated":true}]}}