{"id":6111,"date":"2018-07-10T15:05:38","date_gmt":"2018-07-10T14:05:38","guid":{"rendered":"https:\/\/marneantic.com\/?post_type=product&#038;p=6111"},"modified":"2019-08-04T09:26:14","modified_gmt":"2019-08-04T08:26:14","slug":"carafe-emaillee-ancienne-decor-de-blason","status":"publish","type":"product","link":"https:\/\/marneantic.com\/index.php\/produit\/carafe-emaillee-ancienne-decor-de-blason\/","title":{"rendered":"Carafe \u00e9maill\u00e9e ancienne d\u00e9cor de blason"},"content":{"rendered":"","protected":false},"excerpt":{"rendered":"<p>belle carafe \u00e9maill\u00e9e ancienne en cristal de couleur verte d\u00e9cor principal de blason,en tr\u00e8s bon \u00e9tat(a signaler de micros \u00e9grenures sur le col)hauteur avec bouchon:26cm,diametre:12cm<\/p>\n","protected":false},"featured_media":6115,"comment_status":"closed","ping_status":"closed","template":"","meta":{"_et_pb_use_builder":"","_et_pb_old_content":"","_et_gb_content_width":""},"product_cat":[10,11],"product_tag":[],"_links":{"self":[{"href":"https:\/\/marneantic.com\/index.php\/wp-json\/wp\/v2\/product\/6111"}],"collection":[{"href":"https:\/\/marneantic.com\/index.php\/wp-json\/wp\/v2\/product"}],"about":[{"href":"https:\/\/marneantic.com\/index.php\/wp-json\/wp\/v2\/types\/product"}],"replies":[{"embeddable":true,"href":"https:\/\/marneantic.com\/index.php\/wp-json\/wp\/v2\/comments?post=6111"}],"wp:featuredmedia":[{"embeddable":true,"href":"https:\/\/marneantic.com\/index.php\/wp-json\/wp\/v2\/media\/6115"}],"wp:attachment":[{"href":"https:\/\/marneantic.com\/index.php\/wp-json\/wp\/v2\/media?parent=6111"}],"wp:term":[{"taxonomy":"product_cat","embeddable":true,"href":"https:\/\/marneantic.com\/index.php\/wp-json\/wp\/v2\/product_cat?post=6111"},{"taxonomy":"product_tag","embeddable":true,"href":"https:\/\/marneantic.com\/index.php\/wp-json\/wp\/v2\/product_tag?post=6111"}],"curies":[{"name":"wp","href":"https:\/\/api.w.org\/{rel}","templated":true}]}}