{"id":613,"date":"2016-02-24T15:55:11","date_gmt":"2016-02-24T14:55:11","guid":{"rendered":"http:\/\/marneantic.com\/?post_type=product&#038;p=613"},"modified":"2019-08-14T07:40:58","modified_gmt":"2019-08-14T06:40:58","slug":"grand-plateau-art-deco-porcelaine","status":"publish","type":"product","link":"https:\/\/marneantic.com\/index.php\/produit\/grand-plateau-art-deco-porcelaine\/","title":{"rendered":"Grand plateau art-d\u00e9co porcelaine"},"content":{"rendered":"","protected":false},"excerpt":{"rendered":"<p>Grand plateau \u00e0 rebord art-d\u00e9co en porcelaine,en parfait \u00e9tat,pas de marque de fabrique apparente<\/p>\n","protected":false},"featured_media":615,"comment_status":"closed","ping_status":"closed","template":"","meta":{"_et_pb_use_builder":"","_et_pb_old_content":"","_et_gb_content_width":""},"product_cat":[13,10,44,28,7],"product_tag":[],"_links":{"self":[{"href":"https:\/\/marneantic.com\/index.php\/wp-json\/wp\/v2\/product\/613"}],"collection":[{"href":"https:\/\/marneantic.com\/index.php\/wp-json\/wp\/v2\/product"}],"about":[{"href":"https:\/\/marneantic.com\/index.php\/wp-json\/wp\/v2\/types\/product"}],"replies":[{"embeddable":true,"href":"https:\/\/marneantic.com\/index.php\/wp-json\/wp\/v2\/comments?post=613"}],"wp:featuredmedia":[{"embeddable":true,"href":"https:\/\/marneantic.com\/index.php\/wp-json\/wp\/v2\/media\/615"}],"wp:attachment":[{"href":"https:\/\/marneantic.com\/index.php\/wp-json\/wp\/v2\/media?parent=613"}],"wp:term":[{"taxonomy":"product_cat","embeddable":true,"href":"https:\/\/marneantic.com\/index.php\/wp-json\/wp\/v2\/product_cat?post=613"},{"taxonomy":"product_tag","embeddable":true,"href":"https:\/\/marneantic.com\/index.php\/wp-json\/wp\/v2\/product_tag?post=613"}],"curies":[{"name":"wp","href":"https:\/\/api.w.org\/{rel}","templated":true}]}}